{"id":9290,"date":"2024-11-15T10:47:23","date_gmt":"2024-11-15T10:47:23","guid":{"rendered":"https:\/\/almanyada-sirket-kurmak.com\/?page_id=9290"},"modified":"2024-11-15T10:47:24","modified_gmt":"2024-11-15T10:47:24","slug":"impressum","status":"publish","type":"page","link":"https:\/\/almanyada-sirket-kurmak.com\/de\/impressum\/","title":{"rendered":"Impressum"},"content":{"rendered":"<h1 class=\"wp-block-heading\">Angaben gem\u00e4\u00df \u00a7 5 TMG:<\/h1>\n\n\n\n<h2 class=\"wp-block-heading\">TABAK Steuerberatung<\/h2>\n\n\n\n<p><strong>Fatma \u00d6zkul<br><\/strong>Inhaberin \/ Steuerberaterin<\/p>\n\n\n\n<p>Augustaanlage 27<br>D-68165 Mannheim<\/p>\n\n\n\n<p>Telefon: +49 (0) 621 702 89 450<br>E-Mail: info@steuerberater-tabak.com<\/p>\n\n\n\n<p><strong>Steuernummer:&nbsp;<\/strong>44.220.3574.2<\/p>\n\n\n\n<p><strong>Umsatzsteuer-Identifikationsnummer gem\u00e4\u00df \u00a727 a Umsatzsteuergesetz<\/strong>:<br>DE291174534<\/p>\n\n\n\n<p><strong>Inhaltlich Verantwortlicher gem\u00e4\u00df \u00a7 55 II RStV:<\/strong>&nbsp;Fatma \u00d6zkul<\/p>\n\n\n\n<p><strong>Aufsichtsbeh\u00f6rde:<\/strong><\/p>\n\n\n\n<p>Steuerberaterkammer Nordbaden<br>K\u00f6rperschaft des \u00f6ffentlichen Rechts<br>Vangerowstra\u00dfe 16\/1<br>69115 Heidelberg<br>Tel. 06221-183077<br>Fax: 06221-165105<\/p>\n\n\n\n<p><a href=\"http:\/\/www.stbk-nordbaden.de\/\" target=\"_blank\" rel=\"noreferrer noopener\">http:\/\/www.stbk-nordbaden.de<\/a><\/p>\n\n\n\n<p><strong>Staat der Zulassung:<\/strong>&nbsp;Deutschland<\/p>\n\n\n\n<p><strong>Berufsbezeichnung und berufsrechtliche Regelungen<\/strong><\/p>\n\n\n\n<p>Berufsbezeichnung: Steuerberater<br>Zust\u00e4ndige Kammer: Steuerberaterkammer Nordbaden<br>Verliehen durch: Bundesrepublik Deutschland<br>Es gelten die folgenden berufsrechtlichen Regelungen:<\/p>\n\n\n\n<ul>\n<li>Steuerberatungsgesetz (StBerG)<\/li>\n\n\n\n<li>Durchf\u00fchrungsverordnung zum Steuerberatungsgesetz (DVStB)<\/li>\n\n\n\n<li>Steuerberaterverg\u00fctungsverordnung (StBVV)<\/li>\n\n\n\n<li>Berufsordnung (BOStB)<\/li>\n<\/ul>\n\n\n\n<p>Webseite Bundessteuerberaterkammer:&nbsp;<a href=\"http:\/\/www.bstbk.de\/\" target=\"_blank\" rel=\"noreferrer noopener\">www.bstbk.de<\/a><\/p>\n\n\n\n<h2 class=\"wp-block-heading\" id=\"rechtliche-hinweise\">Gestaltung und Umsetzung<\/h2>\n\n\n\n<p><a href=\"https:\/\/fuenfacht.com\/\" target=\"_blank\" rel=\"noreferrer noopener\"><strong>FUENFACHT<\/strong><br>Full-Service-Agentur<br>Gestaltung Web E-Commerce Marketing<\/a><\/p>\n\n\n\n<h2 class=\"wp-block-heading\" id=\"rechtliche-hinweise\">Rechtliche Hinweise<\/h2>\n\n\n\n<p>Alle Texte, Bilder und weiter hier ver\u00f6ffentlichten Inhalte unterliegen unserem Urheberrecht, soweit nicht Urheberrechte Dritter bestehen. In jedem anderen Fall ist eine Vervielf\u00e4ltigung, Verbreitung oder Wiedergabe ausschlie\u00dflich im Falle einer widerruflichen und nicht \u00fcbertragbaren Zustimmung gestattet.<\/p>\n\n\n\n<h2 class=\"wp-block-heading\" id=\"haftungsausschluss\">Haftungsausschluss<\/h2>\n\n\n\n<p>Die bereitgestellten Informationen auf dieser Webseite werden sorgf\u00e4ltig gepr\u00fcft und regelm\u00e4\u00dfig aktualisiert. Jedoch k\u00f6nnen wir keine Haftung daf\u00fcr \u00fcbernehmen, wie alle Angaben zu jeder Zeit vollst\u00e4ndig, richtig und aktualisiert dargestellt sind.<\/p>\n\n\n\n<p>F\u00fcr alle mittels Querverweis \"Links\" verbundenen Webinhalte \u00fcbernehmen wir keine Verantwortung, da es sich hierbei nicht um eigene Inhalte handelt. Die verlinkten Seiten wurden auf rechtswidrige Inhalte \u00fcberpr\u00fcft, zum Zeitpunkt der Verlinkung waren solche nicht erkennbar. Verantwortlich f\u00fcr den Inhalt der verlinkten Seiten ist deren Betreiber. Wir haben hierzu keine allgemeine \u00dcberwachungs- und Pr\u00fcfungspflicht. Bei Bekanntwerden einer Rechtsverletzung wird der entsprechende Link jedoch umgehend entfernt.<\/p>","protected":false},"excerpt":{"rendered":"<p>Angaben gem\u00e4\u00df \u00a7 5 TMG: TABAK Steuerberatung Fatma \u00d6zkulInhaberin \/ Steuerberaterin Augustaanlage 27D-68165 Mannheim Telefon: +49 (0) 621 702 89 450E-Mail: info@steuerberater-tabak.com Steuernummer: 44.220.3574.2 Umsatzsteuer-Identifikationsnummer gem\u00e4\u00df \u00a727 a Umsatzsteuergesetz:DE291174534 Inhaltlich Verantwortlicher gem\u00e4\u00df \u00a7 55 II RStV: Fatma \u00d6zkul Aufsichtsbeh\u00f6rde: Steuerberaterkammer NordbadenK\u00f6rperschaft des \u00f6ffentlichen RechtsVangerowstra\u00dfe 16\/169115 HeidelbergTel. 06221-183077Fax: 06221-165105 http:\/\/www.stbk-nordbaden.de Staat der Zulassung: Deutschland Berufsbezeichnung und berufsrechtliche Regelungen Berufsbezeichnung: [...]<\/p>","protected":false},"author":1,"featured_media":0,"parent":0,"menu_order":0,"comment_status":"closed","ping_status":"closed","template":"","meta":{"footnotes":""},"_links":{"self":[{"href":"https:\/\/almanyada-sirket-kurmak.com\/de\/wp-json\/wp\/v2\/pages\/9290"}],"collection":[{"href":"https:\/\/almanyada-sirket-kurmak.com\/de\/wp-json\/wp\/v2\/pages"}],"about":[{"href":"https:\/\/almanyada-sirket-kurmak.com\/de\/wp-json\/wp\/v2\/types\/page"}],"author":[{"embeddable":true,"href":"https:\/\/almanyada-sirket-kurmak.com\/de\/wp-json\/wp\/v2\/users\/1"}],"replies":[{"embeddable":true,"href":"https:\/\/almanyada-sirket-kurmak.com\/de\/wp-json\/wp\/v2\/comments?post=9290"}],"version-history":[{"count":1,"href":"https:\/\/almanyada-sirket-kurmak.com\/de\/wp-json\/wp\/v2\/pages\/9290\/revisions"}],"predecessor-version":[{"id":9291,"href":"https:\/\/almanyada-sirket-kurmak.com\/de\/wp-json\/wp\/v2\/pages\/9290\/revisions\/9291"}],"wp:attachment":[{"href":"https:\/\/almanyada-sirket-kurmak.com\/de\/wp-json\/wp\/v2\/media?parent=9290"}],"curies":[{"name":"wp","href":"https:\/\/api.w.org\/{rel}","templated":true}]}}