{"id":7242,"date":"2023-10-14T23:41:38","date_gmt":"2023-10-14T23:41:38","guid":{"rendered":"https:\/\/motivoweb.com\/saga\/?page_id=7242"},"modified":"2024-02-29T11:57:55","modified_gmt":"2024-02-29T11:57:55","slug":"personel-muhasebesi","status":"publish","type":"page","link":"https:\/\/almanyada-sirket-kurmak.com\/de\/personalbuchhaltung\/","title":{"rendered":"Personalbuchhaltung"},"content":{"rendered":"<div data-elementor-type=\"wp-page\" data-elementor-id=\"7242\" class=\"elementor elementor-7242\" data-elementor-post-type=\"page\">\n\t\t\t\t\t\t\t\t\t<section class=\"elementor-section elementor-top-section elementor-element elementor-element-62a941c elementor-section-full_width elementor-section-stretched elementor-section-height-default elementor-section-height-default\" data-id=\"62a941c\" data-element_type=\"section\" data-settings=\"{&quot;stretch_section&quot;:&quot;section-stretched&quot;}\">\n\t\t\t\t\t\t<div class=\"elementor-container elementor-column-gap-default\">\n\t\t\t\t\t<div class=\"elementor-column elementor-col-100 elementor-top-column elementor-element elementor-element-d95fcb1\" data-id=\"d95fcb1\" data-element_type=\"column\">\n\t\t\t<div class=\"elementor-widget-wrap elementor-element-populated\">\n\t\t\t\t\t\t\t\t<div class=\"elementor-element elementor-element-276b978 elementor-widget-divider--view-line elementor-widget elementor-widget-divider\" data-id=\"276b978\" data-element_type=\"widget\" data-widget_type=\"divider.default\">\n\t\t\t\t<div class=\"elementor-widget-container\">\n\t\t\t<style>\/*! elementor - v3.18.0 - 08-12-2023 *\/\n.elementor-widget-divider{--divider-border-style:none;--divider-border-width:1px;--divider-color:#0c0d0e;--divider-icon-size:20px;--divider-element-spacing:10px;--divider-pattern-height:24px;--divider-pattern-size:20px;--divider-pattern-url:none;--divider-pattern-repeat:repeat-x}.elementor-widget-divider .elementor-divider{display:flex}.elementor-widget-divider .elementor-divider__text{font-size:15px;line-height:1;max-width:95%}.elementor-widget-divider .elementor-divider__element{margin:0 var(--divider-element-spacing);flex-shrink:0}.elementor-widget-divider .elementor-icon{font-size:var(--divider-icon-size)}.elementor-widget-divider .elementor-divider-separator{display:flex;margin:0;direction:ltr}.elementor-widget-divider--view-line_icon .elementor-divider-separator,.elementor-widget-divider--view-line_text .elementor-divider-separator{align-items:center}.elementor-widget-divider--view-line_icon .elementor-divider-separator:after,.elementor-widget-divider--view-line_icon .elementor-divider-separator:before,.elementor-widget-divider--view-line_text .elementor-divider-separator:after,.elementor-widget-divider--view-line_text .elementor-divider-separator:before{display:block;content:\"\";border-bottom:0;flex-grow:1;border-top:var(--divider-border-width) var(--divider-border-style) var(--divider-color)}.elementor-widget-divider--element-align-left .elementor-divider .elementor-divider-separator>.elementor-divider__svg:first-of-type{flex-grow:0;flex-shrink:100}.elementor-widget-divider--element-align-left .elementor-divider-separator:before{content:none}.elementor-widget-divider--element-align-left .elementor-divider__element{margin-left:0}.elementor-widget-divider--element-align-right .elementor-divider .elementor-divider-separator>.elementor-divider__svg:last-of-type{flex-grow:0;flex-shrink:100}.elementor-widget-divider--element-align-right .elementor-divider-separator:after{content:none}.elementor-widget-divider--element-align-right .elementor-divider__element{margin-right:0}.elementor-widget-divider:not(.elementor-widget-divider--view-line_text):not(.elementor-widget-divider--view-line_icon) .elementor-divider-separator{border-top:var(--divider-border-width) var(--divider-border-style) var(--divider-color)}.elementor-widget-divider--separator-type-pattern{--divider-border-style:none}.elementor-widget-divider--separator-type-pattern.elementor-widget-divider--view-line .elementor-divider-separator,.elementor-widget-divider--separator-type-pattern:not(.elementor-widget-divider--view-line) .elementor-divider-separator:after,.elementor-widget-divider--separator-type-pattern:not(.elementor-widget-divider--view-line) .elementor-divider-separator:before,.elementor-widget-divider--separator-type-pattern:not([class*=elementor-widget-divider--view]) .elementor-divider-separator{width:100%;min-height:var(--divider-pattern-height);-webkit-mask-size:var(--divider-pattern-size) 100%;mask-size:var(--divider-pattern-size) 100%;-webkit-mask-repeat:var(--divider-pattern-repeat);mask-repeat:var(--divider-pattern-repeat);background-color:var(--divider-color);-webkit-mask-image:var(--divider-pattern-url);mask-image:var(--divider-pattern-url)}.elementor-widget-divider--no-spacing{--divider-pattern-size:auto}.elementor-widget-divider--bg-round{--divider-pattern-repeat:round}.rtl .elementor-widget-divider .elementor-divider__text{direction:rtl}.e-con-inner>.elementor-widget-divider,.e-con>.elementor-widget-divider{width:var(--container-widget-width,100%);--flex-grow:var(--container-widget-flex-grow)}<\/style>\t\t<div class=\"elementor-divider\">\n\t\t\t<span class=\"elementor-divider-separator\">\n\t\t\t\t\t\t<\/span>\n\t\t<\/div>\n\t\t\t\t<\/div>\n\t\t\t\t<\/div>\n\t\t\t\t<section class=\"elementor-section elementor-inner-section elementor-element elementor-element-21199652 elementor-section-boxed elementor-section-height-default elementor-section-height-default\" data-id=\"21199652\" data-element_type=\"section\">\n\t\t\t\t\t\t<div class=\"elementor-container elementor-column-gap-default\">\n\t\t\t\t\t<div class=\"elementor-column elementor-col-50 elementor-inner-column elementor-element elementor-element-67330d19\" data-id=\"67330d19\" data-element_type=\"column\">\n\t\t\t<div class=\"elementor-widget-wrap elementor-element-populated\">\n\t\t\t\t\t\t\t\t<div class=\"elementor-element elementor-element-11411ee2 elementor-widget elementor-widget-image\" data-id=\"11411ee2\" data-element_type=\"widget\" data-widget_type=\"image.default\">\n\t\t\t\t<div class=\"elementor-widget-container\">\n\t\t\t<style>\/*! elementor - v3.18.0 - 08-12-2023 *\/\n.elementor-widget-image{text-align:center}.elementor-widget-image a{display:inline-block}.elementor-widget-image a img[src$=\".svg\"]{width:48px}.elementor-widget-image img{vertical-align:middle;display:inline-block}<\/style>\t\t\t\t\t\t\t\t\t\t\t\t<img fetchpriority=\"high\" decoding=\"async\" width=\"900\" height=\"610\" src=\"https:\/\/almanyada-sirket-kurmak.com\/wp-content\/uploads\/2024\/01\/closeup-hands-using-computer-laptop-with-screen-showing-analysis-data-1024x694.jpg\" class=\"attachment-large size-large wp-image-9021\" alt=\"\" srcset=\"https:\/\/almanyada-sirket-kurmak.com\/wp-content\/uploads\/2024\/01\/closeup-hands-using-computer-laptop-with-screen-showing-analysis-data-1024x694.jpg 1024w, https:\/\/almanyada-sirket-kurmak.com\/wp-content\/uploads\/2024\/01\/closeup-hands-using-computer-laptop-with-screen-showing-analysis-data-300x203.jpg 300w, https:\/\/almanyada-sirket-kurmak.com\/wp-content\/uploads\/2024\/01\/closeup-hands-using-computer-laptop-with-screen-showing-analysis-data-768x520.jpg 768w, https:\/\/almanyada-sirket-kurmak.com\/wp-content\/uploads\/2024\/01\/closeup-hands-using-computer-laptop-with-screen-showing-analysis-data-720x488.jpg 720w, https:\/\/almanyada-sirket-kurmak.com\/wp-content\/uploads\/2024\/01\/closeup-hands-using-computer-laptop-with-screen-showing-analysis-data-600x406.jpg 600w, https:\/\/almanyada-sirket-kurmak.com\/wp-content\/uploads\/2024\/01\/closeup-hands-using-computer-laptop-with-screen-showing-analysis-data.jpg 1500w\" sizes=\"(max-width: 900px) 100vw, 900px\" \/>\t\t\t\t\t\t\t\t\t\t\t\t\t\t\t<\/div>\n\t\t\t\t<\/div>\n\t\t\t\t\t<\/div>\n\t\t<\/div>\n\t\t\t\t<div class=\"elementor-column elementor-col-50 elementor-inner-column elementor-element elementor-element-3b2fcafd\" data-id=\"3b2fcafd\" data-element_type=\"column\">\n\t\t\t<div class=\"elementor-widget-wrap elementor-element-populated\">\n\t\t\t\t\t\t\t\t<div class=\"elementor-element elementor-element-24c28c5b elementor-widget elementor-widget-mo-heading-block\" data-id=\"24c28c5b\" data-element_type=\"widget\" data-widget_type=\"mo-heading-block.default\">\n\t\t\t\t<div class=\"elementor-widget-container\">\n\t\t\t<div class=\"mo-element-mo-heading-block mo-element\">   <div class=\"mo-title-box title-box-style-1 text-left\">\n      <div class=\"content-inner\">\n                     <h5 class=\"sub-title\" data-title=\"Hizmetlerimiz\"><span>Unsere Dienstleistungen<\/span><\/h5>\n           \n                     <h3 class=\"title\">Personalbuchhaltung<\/h3>\n                        <\/div>\n   <\/div>\n   <div class=\"clearfix\"><\/div><\/div>\t\t<\/div>\n\t\t\t\t<\/div>\n\t\t\t\t<div class=\"elementor-element elementor-element-7628d5c7 elementor-widget elementor-widget-spacer\" data-id=\"7628d5c7\" data-element_type=\"widget\" data-widget_type=\"spacer.default\">\n\t\t\t\t<div class=\"elementor-widget-container\">\n\t\t\t<style>\/*! elementor - v3.18.0 - 08-12-2023 *\/\n.elementor-column .elementor-spacer-inner{height:var(--spacer-size)}.e-con{--container-widget-width:100%}.e-con-inner>.elementor-widget-spacer,.e-con>.elementor-widget-spacer{width:var(--container-widget-width,var(--spacer-size));--align-self:var(--container-widget-align-self,initial);--flex-shrink:0}.e-con-inner>.elementor-widget-spacer>.elementor-widget-container,.e-con>.elementor-widget-spacer>.elementor-widget-container{height:100%;width:100%}.e-con-inner>.elementor-widget-spacer>.elementor-widget-container>.elementor-spacer,.e-con>.elementor-widget-spacer>.elementor-widget-container>.elementor-spacer{height:100%}.e-con-inner>.elementor-widget-spacer>.elementor-widget-container>.elementor-spacer>.elementor-spacer-inner,.e-con>.elementor-widget-spacer>.elementor-widget-container>.elementor-spacer>.elementor-spacer-inner{height:var(--container-widget-height,var(--spacer-size))}.e-con-inner>.elementor-widget-spacer.elementor-widget-empty,.e-con>.elementor-widget-spacer.elementor-widget-empty{position:relative;min-height:22px;min-width:22px}.e-con-inner>.elementor-widget-spacer.elementor-widget-empty .elementor-widget-empty-icon,.e-con>.elementor-widget-spacer.elementor-widget-empty .elementor-widget-empty-icon{position:absolute;top:0;bottom:0;left:0;right:0;margin:auto;padding:0;width:22px;height:22px}<\/style>\t\t<div class=\"elementor-spacer\">\n\t\t\t<div class=\"elementor-spacer-inner\"><\/div>\n\t\t<\/div>\n\t\t\t\t<\/div>\n\t\t\t\t<\/div>\n\t\t\t\t<div class=\"elementor-element elementor-element-6ab58654 elementor-widget elementor-widget-text-editor\" data-id=\"6ab58654\" data-element_type=\"widget\" data-widget_type=\"text-editor.default\">\n\t\t\t\t<div class=\"elementor-widget-container\">\n\t\t\t<style>\/*! elementor - v3.18.0 - 08-12-2023 *\/\n.elementor-widget-text-editor.elementor-drop-cap-view-stacked .elementor-drop-cap{background-color:#69727d;color:#fff}.elementor-widget-text-editor.elementor-drop-cap-view-framed .elementor-drop-cap{color:#69727d;border:3px solid;background-color:transparent}.elementor-widget-text-editor:not(.elementor-drop-cap-view-default) .elementor-drop-cap{margin-top:8px}.elementor-widget-text-editor:not(.elementor-drop-cap-view-default) .elementor-drop-cap-letter{width:1em;height:1em}.elementor-widget-text-editor .elementor-drop-cap{float:left;text-align:center;line-height:1;font-size:50px}.elementor-widget-text-editor .elementor-drop-cap-letter{display:inline-block}<\/style>\t\t\t\t<p>Die Lohn- und Gehaltsabrechnung ist aufgrund der st\u00e4ndigen \u00c4nderungen im Sozialversicherungsrecht und in der Gesetzgebung eine der komplexesten und sensibelsten Angelegenheiten, die eine qualifizierte und sichere Abwicklung erfordert. Die Bedeutung einer effektiven Personalabrechnung wird oft untersch\u00e4tzt, was auf Dauer zu unerw\u00fcnschten negativen Folgen f\u00fchren kann. Neben der sorgf\u00e4ltigen Erstellung Ihrer Lohn- und Gehaltsabrechnung k\u00fcmmern wir uns um die Meldungen und Zahlungen an die Sozialversicherungstr\u00e4ger und das Finanzamt. Wir beraten Sie auch bei Lohnsteuer- und Sozialversicherungspr\u00fcfungen.<\/p><h6>Haben Sie noch Fragen? <strong class=\"color-main\"> +49 176 24859888 <\/strong><\/h6>\t\t\t\t\t\t<\/div>\n\t\t\t\t<\/div>\n\t\t\t\t\t<\/div>\n\t\t<\/div>\n\t\t\t\t\t\t\t<\/div>\n\t\t<\/section>\n\t\t\t\t\t<\/div>\n\t\t<\/div>\n\t\t\t\t\t\t\t<\/div>\n\t\t<\/section>\n\t\t\t\t<section class=\"elementor-section elementor-top-section elementor-element elementor-element-2b305c2 elementor-section-full_width elementor-section-stretched elementor-section-height-default elementor-section-height-default\" data-id=\"2b305c2\" data-element_type=\"section\" data-settings=\"{&quot;stretch_section&quot;:&quot;section-stretched&quot;}\">\n\t\t\t\t\t\t<div class=\"elementor-container elementor-column-gap-default\">\n\t\t\t\t\t<div class=\"elementor-column elementor-col-100 elementor-top-column elementor-element elementor-element-ca6cb19\" data-id=\"ca6cb19\" data-element_type=\"column\">\n\t\t\t<div class=\"elementor-widget-wrap elementor-element-populated\">\n\t\t\t\t\t\t\t\t<div class=\"elementor-element elementor-element-65449d9 elementor-widget elementor-widget-spacer\" data-id=\"65449d9\" data-element_type=\"widget\" data-widget_type=\"spacer.default\">\n\t\t\t\t<div class=\"elementor-widget-container\">\n\t\t\t\t\t<div class=\"elementor-spacer\">\n\t\t\t<div class=\"elementor-spacer-inner\"><\/div>\n\t\t<\/div>\n\t\t\t\t<\/div>\n\t\t\t\t<\/div>\n\t\t\t\t<section class=\"elementor-section elementor-inner-section elementor-element elementor-element-769ca03 elementor-section-boxed elementor-section-height-default elementor-section-height-default\" data-id=\"769ca03\" data-element_type=\"section\">\n\t\t\t\t\t\t<div class=\"elementor-container elementor-column-gap-default\">\n\t\t\t\t\t<div class=\"elementor-column elementor-col-33 elementor-inner-column elementor-element elementor-element-d660878\" data-id=\"d660878\" data-element_type=\"column\">\n\t\t\t<div class=\"elementor-widget-wrap elementor-element-populated\">\n\t\t\t\t\t\t\t\t<div class=\"elementor-element elementor-element-3a5e4f3 elementor-widget elementor-widget-mo-icon-box\" data-id=\"3a5e4f3\" data-element_type=\"widget\" data-widget_type=\"mo-icon-box.default\">\n\t\t\t\t<div class=\"elementor-widget-container\">\n\t\t\t<div class=\"mo-element-mo-icon-box mo-element\"><div class=\"service iconbox icon-box-style9\">\n   <div class=\"content-inner\">\n      <div class=\"icon-wrap\"><svg xmlns=\"http:\/\/www.w3.org\/2000\/svg\" height=\"48\" width=\"48\" viewbox=\"0 0 66 68\"><g transform=\"translate(1.486 1.261)\"><rect data-name=\"Rectangle 1573\" width=\"12\" height=\"16\" transform=\"translate(-0.486 49.739)\" fill=\"none\" stroke=\"#494c63\" stroke-linecap=\"square\" stroke-miterlimit=\"10\" stroke-width=\"2\"><\/rect><rect data-name=\"Rectangle 1574\" width=\"11\" height=\"16\" transform=\"translate(26.514 49.739)\" fill=\"none\" stroke=\"#494c63\" stroke-linecap=\"square\" stroke-miterlimit=\"10\" stroke-width=\"2\"><\/rect><rect data-name=\"Rectangle 1575\" width=\"25\" height=\"16\" transform=\"translate(19.514 -0.261)\" fill=\"none\" stroke=\"#494c63\" stroke-linecap=\"square\" stroke-miterlimit=\"10\" stroke-width=\"2\"><\/rect><rect data-name=\"Rectangle 1576\" width=\"11\" height=\"16\" transform=\"translate(52.514 49.739)\" fill=\"none\" stroke=\"#494c63\" stroke-linecap=\"square\" stroke-miterlimit=\"10\" stroke-width=\"2\"><\/rect><line data-name=\"Line 953\" y2=\"18\" transform=\"translate(31.514 22.739)\" fill=\"none\" stroke=\"#afb0b9\" stroke-linecap=\"square\" stroke-miterlimit=\"10\" stroke-width=\"2\"><\/line><path data-name=\"Path 14707\" d=\"M9,41.06V32H61.093v9.06\" transform=\"translate(-3.338 -0.291)\" fill=\"none\" stroke=\"#afb0b9\" stroke-linecap=\"square\" stroke-miterlimit=\"10\" stroke-width=\"2\"><\/path><\/g><\/svg><\/div>\n      <div class=\"title-wrap\">\n         <h6  class=\"title\" data-title=\"\u00dccret ve Maa\u015f Muhasebesi\"><span>Lohn- und Gehaltsabrechnung<\/span><\/h6>\t\n                        <\/div>\n   <\/div>   \n<\/div><\/div>\t\t<\/div>\n\t\t\t\t<\/div>\n\t\t\t\t\t<\/div>\n\t\t<\/div>\n\t\t\t\t<div class=\"elementor-column elementor-col-33 elementor-inner-column elementor-element elementor-element-3a4a57a\" data-id=\"3a4a57a\" data-element_type=\"column\">\n\t\t\t<div class=\"elementor-widget-wrap elementor-element-populated\">\n\t\t\t\t\t\t\t\t<div class=\"elementor-element elementor-element-714624e elementor-widget elementor-widget-mo-icon-box\" data-id=\"714624e\" data-element_type=\"widget\" data-widget_type=\"mo-icon-box.default\">\n\t\t\t\t<div class=\"elementor-widget-container\">\n\t\t\t<div class=\"mo-element-mo-icon-box mo-element\"><div class=\"service iconbox icon-box-style9\">\n   <div class=\"content-inner\">\n      <div class=\"icon-wrap\"><svg xmlns=\"http:\/\/www.w3.org\/2000\/svg\" height=\"48\" width=\"48\" x=\"0px\" y=\"0px\" viewbox=\"0 0 60 60\" xml:space=\"preserve\">\t<g transform=\"translate(1.024 1)\">\t\t<circle fill=\"none\" stroke=\"#afb0b9\" stroke-width=\"2\" stroke-linecap=\"square\" stroke-miterlimit=\"10\" cx=\"29\" cy=\"54.1\" r=\"3.9\"><\/circle>\t\t<circle fill=\"none\" stroke=\"#afb0b9\" stroke-width=\"2\" stroke-linecap=\"square\" stroke-miterlimit=\"10\" cx=\"14.5\" cy=\"50.3\" r=\"3.9\"><\/circle>\t\t<circle fill=\"none\" stroke=\"#afb0b9\" stroke-width=\"2\" stroke-linecap=\"square\" stroke-miterlimit=\"10\" cx=\"29\" cy=\"37.7\" r=\"3.9\"><\/circle>\t\t<path fill=\"none\" stroke=\"#494c63\" stroke-width=\"2\" stroke-linecap=\"square\" stroke-miterlimit=\"10\" d=\"  M17.4,34.8C8.8,28.4,7.1,16.3,13.5,7.7S32-2.5,40.6,3.9s10.3,18.5,3.9,27.1c-1.1,1.5-2.4,2.8-3.9,3.9\"><\/path>\t\t<circle fill=\"none\" stroke=\"#494c63\" stroke-width=\"2\" stroke-linecap=\"square\" stroke-miterlimit=\"10\" cx=\"29\" cy=\"19.3\" r=\"8.7\"><\/circle>\t\t<line fill=\"none\" stroke=\"#afb0b9\" stroke-width=\"2\" stroke-miterlimit=\"10\" x1=\"29\" y1=\"50.3\" x2=\"29\" y2=\"41.6\"><\/line>\t\t<path fill=\"none\" stroke=\"#afb0b9\" stroke-width=\"2\" stroke-miterlimit=\"10\" d=\"M14.5,46.4v-3.9l10.6-4.8\"><\/path>\t\t<circle fill=\"none\" stroke=\"#afb0b9\" stroke-width=\"2\" stroke-linecap=\"square\" stroke-miterlimit=\"10\" cx=\"43.5\" cy=\"50.3\" r=\"3.9\"><\/circle>\t\t<path fill=\"none\" stroke=\"#afb0b9\" stroke-width=\"2\" stroke-miterlimit=\"10\" d=\"M43.5,46.4v-3.9l-10.6-4.8\"><\/path><\/g><\/svg><\/div>\n      <div class=\"title-wrap\">\n         <h6  class=\"title\" data-title=\"\u00d6deme Trafi\u011finin Y\u00fcr\u00fct\u00fclmesi\"><span>Durchf\u00fchrung des Zahlungsverkehrs<\/span><\/h6>\t\n                        <\/div>\n   <\/div>   \n<\/div><\/div>\t\t<\/div>\n\t\t\t\t<\/div>\n\t\t\t\t\t<\/div>\n\t\t<\/div>\n\t\t\t\t<div class=\"elementor-column elementor-col-33 elementor-inner-column elementor-element elementor-element-5795323\" data-id=\"5795323\" data-element_type=\"column\">\n\t\t\t<div class=\"elementor-widget-wrap elementor-element-populated\">\n\t\t\t\t\t\t\t\t<div class=\"elementor-element elementor-element-61d4128 elementor-widget elementor-widget-mo-icon-box\" data-id=\"61d4128\" data-element_type=\"widget\" data-widget_type=\"mo-icon-box.default\">\n\t\t\t\t<div class=\"elementor-widget-container\">\n\t\t\t<div class=\"mo-element-mo-icon-box mo-element\"><div class=\"service iconbox icon-box-style9\">\n   <div class=\"content-inner\">\n      <div class=\"icon-wrap\"><svg xmlns=\"http:\/\/www.w3.org\/2000\/svg\" height=\"48\" width=\"48\" x=\"0px\" y=\"0px\" viewbox=\"0 0 60 60\" xml:space=\"preserve\">\t<g transform=\"translate(1 -1)\">\t\t<path fill=\"none\" stroke=\"#494c63\" stroke-width=\"2\" stroke-linecap=\"square\" stroke-miterlimit=\"10\" d=\"M57,3H26.5v26.7l11.5-8.9H57V3z\"><\/path>\t\t<path fill=\"none\" stroke=\"#afb0b9\" stroke-width=\"2\" stroke-linecap=\"square\" stroke-miterlimit=\"10\" d=\"M23.9,56c0-1.5-0.7-3-1.9-4c-2.7-2.1-6.1-3.3-9.6-3.3c-3.5,0-6.8,1.1-9.6,3.3C1.7,53,1,54.5,1,56v3h22.9V56z\"><\/path>\t\t<circle fill=\"none\" stroke=\"#afb0b9\" stroke-width=\"2\" stroke-linecap=\"square\" stroke-miterlimit=\"10\" cx=\"12.5\" cy=\"36.1\" r=\"6.4\"><\/circle>\t\t<path fill=\"none\" stroke=\"#afb0b9\" stroke-width=\"2\" stroke-linecap=\"square\" stroke-miterlimit=\"10\" d=\"M57,56c0-1.5-0.7-3-1.9-4c-5.6-4.4-13.5-4.4-19.2,0c-1.2,1-1.9,2.4-1.9,4v3H57V56z\"><\/path>\t\t<circle fill=\"none\" stroke=\"#afb0b9\" stroke-width=\"2\" stroke-linecap=\"square\" stroke-miterlimit=\"10\" cx=\"45.5\" cy=\"36.1\" r=\"6.4\"><\/circle>\t<\/g><\/svg><\/div>\n      <div class=\"title-wrap\">\n         <h6  class=\"title\" data-title=\"Yap\u0131 End\u00fcstrisindeki \u00dccretler\"><span>L\u00f6hne im Baugewerbe<\/span><\/h6>\t\n                        <\/div>\n   <\/div>   \n<\/div><\/div>\t\t<\/div>\n\t\t\t\t<\/div>\n\t\t\t\t\t<\/div>\n\t\t<\/div>\n\t\t\t\t\t\t\t<\/div>\n\t\t<\/section>\n\t\t\t\t<section class=\"elementor-section elementor-inner-section elementor-element elementor-element-3c992b8 elementor-section-boxed elementor-section-height-default elementor-section-height-default\" data-id=\"3c992b8\" data-element_type=\"section\">\n\t\t\t\t\t\t<div class=\"elementor-container elementor-column-gap-default\">\n\t\t\t\t\t<div class=\"elementor-column elementor-col-50 elementor-inner-column elementor-element elementor-element-48a5580\" data-id=\"48a5580\" data-element_type=\"column\">\n\t\t\t<div class=\"elementor-widget-wrap elementor-element-populated\">\n\t\t\t\t\t\t\t\t<div class=\"elementor-element elementor-element-53764e7 elementor-widget elementor-widget-mo-icon-box\" data-id=\"53764e7\" data-element_type=\"widget\" data-widget_type=\"mo-icon-box.default\">\n\t\t\t\t<div class=\"elementor-widget-container\">\n\t\t\t<div class=\"mo-element-mo-icon-box mo-element\"><div class=\"service iconbox icon-box-style9\">\n   <div class=\"content-inner\">\n      <div class=\"icon-wrap\"><svg xmlns=\"http:\/\/www.w3.org\/2000\/svg\" height=\"48\" width=\"48\" x=\"0px\" y=\"0px\" viewbox=\"0 0 60 60\" xml:space=\"preserve\"><g transform=\"translate(-3 -3)\">\t<line fill=\"none\" stroke=\"#afb0b9\" stroke-width=\"2\" stroke-linecap=\"square\" stroke-miterlimit=\"10\" x1=\"25\" y1=\"35\" x2=\"53\" y2=\"35\"><\/line>\t<rect x=\"25\" y=\"14\" fill=\"none\" stroke=\"#afb0b9\" stroke-width=\"2\" stroke-linecap=\"square\" stroke-miterlimit=\"10\" width=\"28\" height=\"13\"><\/rect>\t<line fill=\"none\" stroke=\"#afb0b9\" stroke-width=\"2\" stroke-linecap=\"square\" stroke-miterlimit=\"10\" x1=\"53\" y1=\"51\" x2=\"25\" y2=\"51\"><\/line>\t<line fill=\"none\" stroke=\"#afb0b9\" stroke-width=\"2\" stroke-linecap=\"square\" stroke-miterlimit=\"10\" x1=\"53\" y1=\"43\" x2=\"25\" y2=\"43\"><\/line>\t<path fill=\"none\" stroke=\"#494c63\" stroke-width=\"2\" stroke-linecap=\"square\" stroke-miterlimit=\"10\" d=\"M12,37H5v18c0,3.3,2.7,6,6,6\"><\/path>\t<path fill=\"none\" stroke=\"#494c63\" stroke-width=\"2\" stroke-linecap=\"square\" stroke-miterlimit=\"10\" d=\"M17,5v50c0,3.3-2.7,6-6,6h44c3.3,0,6-2.7,6-6V5H17z\"><\/path><\/g><\/svg><\/div>\n      <div class=\"title-wrap\">\n         <h6  class=\"title\" data-title=\"Sosyal Sigortalar Kurumlar\u0131na ve Vergi Dairesine yap\u0131lacak bildirimler.\"><span>Meldungen an die Sozialversicherungstr\u00e4ger und das Finanzamt.<\/span><\/h6>\t\n                        <\/div>\n   <\/div>   \n<\/div><\/div>\t\t<\/div>\n\t\t\t\t<\/div>\n\t\t\t\t\t<\/div>\n\t\t<\/div>\n\t\t\t\t<div class=\"elementor-column elementor-col-50 elementor-inner-column elementor-element elementor-element-8382d93\" data-id=\"8382d93\" data-element_type=\"column\">\n\t\t\t<div class=\"elementor-widget-wrap elementor-element-populated\">\n\t\t\t\t\t\t\t\t<div class=\"elementor-element elementor-element-d925721 elementor-widget elementor-widget-mo-icon-box\" data-id=\"d925721\" data-element_type=\"widget\" data-widget_type=\"mo-icon-box.default\">\n\t\t\t\t<div class=\"elementor-widget-container\">\n\t\t\t<div class=\"mo-element-mo-icon-box mo-element\"><div class=\"service iconbox icon-box-style9\">\n   <div class=\"content-inner\">\n      <div class=\"icon-wrap\"><svg xmlns=\"http:\/\/www.w3.org\/2000\/svg\" height=\"48\" width=\"48\" x=\"0px\" y=\"0px\" viewbox=\"0 0 60 60\" xml:space=\"preserve\">\t<g transform=\"translate(1 -1)\">\t\t<path fill=\"none\" stroke=\"#494c63\" stroke-width=\"2\" stroke-linecap=\"square\" stroke-miterlimit=\"10\" d=\"M57,3H26.5v26.7l11.5-8.9H57V3z\"><\/path>\t\t<path fill=\"none\" stroke=\"#afb0b9\" stroke-width=\"2\" stroke-linecap=\"square\" stroke-miterlimit=\"10\" d=\"M23.9,56c0-1.5-0.7-3-1.9-4c-2.7-2.1-6.1-3.3-9.6-3.3c-3.5,0-6.8,1.1-9.6,3.3C1.7,53,1,54.5,1,56v3h22.9V56z\"><\/path>\t\t<circle fill=\"none\" stroke=\"#afb0b9\" stroke-width=\"2\" stroke-linecap=\"square\" stroke-miterlimit=\"10\" cx=\"12.5\" cy=\"36.1\" r=\"6.4\"><\/circle>\t\t<path fill=\"none\" stroke=\"#afb0b9\" stroke-width=\"2\" stroke-linecap=\"square\" stroke-miterlimit=\"10\" d=\"M57,56c0-1.5-0.7-3-1.9-4c-5.6-4.4-13.5-4.4-19.2,0c-1.2,1-1.9,2.4-1.9,4v3H57V56z\"><\/path>\t\t<circle fill=\"none\" stroke=\"#afb0b9\" stroke-width=\"2\" stroke-linecap=\"square\" stroke-miterlimit=\"10\" cx=\"45.5\" cy=\"36.1\" r=\"6.4\"><\/circle>\t<\/g><\/svg><\/div>\n      <div class=\"title-wrap\">\n         <h6  class=\"title\" data-title=\"Gelir Vergisi ve Sosyal Sigorta Denetimlerinde M\u00fc\u015favirlik\"><span>Beratung bei der Pr\u00fcfung von Einkommensteuer und Sozialversicherung<\/span><\/h6>\t\n                        <\/div>\n   <\/div>   \n<\/div><\/div>\t\t<\/div>\n\t\t\t\t<\/div>\n\t\t\t\t\t<\/div>\n\t\t<\/div>\n\t\t\t\t\t\t\t<\/div>\n\t\t<\/section>\n\t\t\t\t\t<\/div>\n\t\t<\/div>\n\t\t\t\t\t\t\t<\/div>\n\t\t<\/section>\n\t\t\t\t\t\t\t<\/div>","protected":false},"excerpt":{"rendered":"<p>Hizmetlerimiz Personel Muhasebesi Sosyal g\u00fcvenlik hukuku ve mevzuat\u0131nda meydana gelen s\u00fcrekli de\u011fi\u015fiklikler nedeniyle, \u00fccret ve maa\u015f bordrolar\u0131, nitelikli ve g\u00fcvenli bir \u015fekilde ele al\u0131nmas\u0131n\u0131 zorunlu k\u0131lan, en karma\u015f\u0131k ve hassas konulardan biridir. Etkin personel muhasebesinin \u00f6nemi, \u00e7o\u011fu zaman k\u00fc\u00e7\u00fcmsenir ve bu da uzun vadede istenmeyen olumsuzluklara neden olabilir. Bordrolar\u0131n\u0131z\u0131n \u00f6zenle tanzim edilmesinin yan\u0131 s\u0131ra, sosyal [&hellip;]<\/p>","protected":false},"author":1,"featured_media":0,"parent":0,"menu_order":0,"comment_status":"closed","ping_status":"closed","template":"","meta":{"footnotes":""},"_links":{"self":[{"href":"https:\/\/almanyada-sirket-kurmak.com\/de\/wp-json\/wp\/v2\/pages\/7242"}],"collection":[{"href":"https:\/\/almanyada-sirket-kurmak.com\/de\/wp-json\/wp\/v2\/pages"}],"about":[{"href":"https:\/\/almanyada-sirket-kurmak.com\/de\/wp-json\/wp\/v2\/types\/page"}],"author":[{"embeddable":true,"href":"https:\/\/almanyada-sirket-kurmak.com\/de\/wp-json\/wp\/v2\/users\/1"}],"replies":[{"embeddable":true,"href":"https:\/\/almanyada-sirket-kurmak.com\/de\/wp-json\/wp\/v2\/comments?post=7242"}],"version-history":[{"count":7,"href":"https:\/\/almanyada-sirket-kurmak.com\/de\/wp-json\/wp\/v2\/pages\/7242\/revisions"}],"predecessor-version":[{"id":9097,"href":"https:\/\/almanyada-sirket-kurmak.com\/de\/wp-json\/wp\/v2\/pages\/7242\/revisions\/9097"}],"wp:attachment":[{"href":"https:\/\/almanyada-sirket-kurmak.com\/de\/wp-json\/wp\/v2\/media?parent=7242"}],"curies":[{"name":"wp","href":"https:\/\/api.w.org\/{rel}","templated":true}]}}