{"id":7237,"date":"2023-10-14T23:41:08","date_gmt":"2023-10-14T23:41:08","guid":{"rendered":"https:\/\/motivoweb.com\/saga\/?page_id=7237"},"modified":"2024-01-21T20:03:56","modified_gmt":"2024-01-21T20:03:56","slug":"finansal-muhasebe","status":"publish","type":"page","link":"https:\/\/almanyada-sirket-kurmak.com\/de\/finanzbuchhaltung\/","title":{"rendered":"Finanzbuchhaltung"},"content":{"rendered":"<div data-elementor-type=\"wp-page\" data-elementor-id=\"7237\" class=\"elementor elementor-7237\" data-elementor-post-type=\"page\">\n\t\t\t\t\t\t\t\t\t<section class=\"elementor-section elementor-top-section elementor-element elementor-element-63ef47ac elementor-section-stretched elementor-section-full_width elementor-section-height-default elementor-section-height-default\" data-id=\"63ef47ac\" data-element_type=\"section\" data-settings=\"{&quot;stretch_section&quot;:&quot;section-stretched&quot;}\">\n\t\t\t\t\t\t<div class=\"elementor-container elementor-column-gap-default\">\n\t\t\t\t\t<div class=\"elementor-column elementor-col-100 elementor-top-column elementor-element elementor-element-41346aa9\" data-id=\"41346aa9\" data-element_type=\"column\">\n\t\t\t<div class=\"elementor-widget-wrap elementor-element-populated\">\n\t\t\t\t\t\t\t\t<div class=\"elementor-element elementor-element-79b8fe3a elementor-widget elementor-widget-spacer\" data-id=\"79b8fe3a\" data-element_type=\"widget\" data-widget_type=\"spacer.default\">\n\t\t\t\t<div class=\"elementor-widget-container\">\n\t\t\t<style>\/*! elementor - v3.18.0 - 08-12-2023 *\/\n.elementor-column .elementor-spacer-inner{height:var(--spacer-size)}.e-con{--container-widget-width:100%}.e-con-inner>.elementor-widget-spacer,.e-con>.elementor-widget-spacer{width:var(--container-widget-width,var(--spacer-size));--align-self:var(--container-widget-align-self,initial);--flex-shrink:0}.e-con-inner>.elementor-widget-spacer>.elementor-widget-container,.e-con>.elementor-widget-spacer>.elementor-widget-container{height:100%;width:100%}.e-con-inner>.elementor-widget-spacer>.elementor-widget-container>.elementor-spacer,.e-con>.elementor-widget-spacer>.elementor-widget-container>.elementor-spacer{height:100%}.e-con-inner>.elementor-widget-spacer>.elementor-widget-container>.elementor-spacer>.elementor-spacer-inner,.e-con>.elementor-widget-spacer>.elementor-widget-container>.elementor-spacer>.elementor-spacer-inner{height:var(--container-widget-height,var(--spacer-size))}.e-con-inner>.elementor-widget-spacer.elementor-widget-empty,.e-con>.elementor-widget-spacer.elementor-widget-empty{position:relative;min-height:22px;min-width:22px}.e-con-inner>.elementor-widget-spacer.elementor-widget-empty .elementor-widget-empty-icon,.e-con>.elementor-widget-spacer.elementor-widget-empty .elementor-widget-empty-icon{position:absolute;top:0;bottom:0;left:0;right:0;margin:auto;padding:0;width:22px;height:22px}<\/style>\t\t<div class=\"elementor-spacer\">\n\t\t\t<div class=\"elementor-spacer-inner\"><\/div>\n\t\t<\/div>\n\t\t\t\t<\/div>\n\t\t\t\t<\/div>\n\t\t\t\t<section class=\"elementor-section elementor-inner-section elementor-element elementor-element-5442a1b9 elementor-section-boxed elementor-section-height-default elementor-section-height-default\" data-id=\"5442a1b9\" data-element_type=\"section\">\n\t\t\t\t\t\t<div class=\"elementor-container elementor-column-gap-default\">\n\t\t\t\t\t<div class=\"elementor-column elementor-col-50 elementor-inner-column elementor-element elementor-element-3cf13291\" data-id=\"3cf13291\" data-element_type=\"column\">\n\t\t\t<div class=\"elementor-widget-wrap elementor-element-populated\">\n\t\t\t\t\t\t\t\t<div class=\"elementor-element elementor-element-47ef605 elementor-widget elementor-widget-image\" data-id=\"47ef605\" data-element_type=\"widget\" data-widget_type=\"image.default\">\n\t\t\t\t<div class=\"elementor-widget-container\">\n\t\t\t<style>\/*! elementor - v3.18.0 - 08-12-2023 *\/\n.elementor-widget-image{text-align:center}.elementor-widget-image a{display:inline-block}.elementor-widget-image a img[src$=\".svg\"]{width:48px}.elementor-widget-image img{vertical-align:middle;display:inline-block}<\/style>\t\t\t\t\t\t\t\t\t\t\t\t<img fetchpriority=\"high\" decoding=\"async\" width=\"900\" height=\"574\" src=\"https:\/\/almanyada-sirket-kurmak.com\/wp-content\/uploads\/2024\/01\/revenue-operations-collage-1024x653.jpg\" class=\"attachment-large size-large wp-image-9013\" alt=\"\" srcset=\"https:\/\/almanyada-sirket-kurmak.com\/wp-content\/uploads\/2024\/01\/revenue-operations-collage-1024x653.jpg 1024w, https:\/\/almanyada-sirket-kurmak.com\/wp-content\/uploads\/2024\/01\/revenue-operations-collage-300x191.jpg 300w, https:\/\/almanyada-sirket-kurmak.com\/wp-content\/uploads\/2024\/01\/revenue-operations-collage-768x489.jpg 768w, https:\/\/almanyada-sirket-kurmak.com\/wp-content\/uploads\/2024\/01\/revenue-operations-collage-720x459.jpg 720w, https:\/\/almanyada-sirket-kurmak.com\/wp-content\/uploads\/2024\/01\/revenue-operations-collage-600x382.jpg 600w, https:\/\/almanyada-sirket-kurmak.com\/wp-content\/uploads\/2024\/01\/revenue-operations-collage.jpg 1500w\" sizes=\"(max-width: 900px) 100vw, 900px\" \/>\t\t\t\t\t\t\t\t\t\t\t\t\t\t\t<\/div>\n\t\t\t\t<\/div>\n\t\t\t\t\t<\/div>\n\t\t<\/div>\n\t\t\t\t<div class=\"elementor-column elementor-col-50 elementor-inner-column elementor-element elementor-element-5e87d68e\" data-id=\"5e87d68e\" data-element_type=\"column\">\n\t\t\t<div class=\"elementor-widget-wrap elementor-element-populated\">\n\t\t\t\t\t\t\t\t<div class=\"elementor-element elementor-element-7e383ec7 elementor-widget elementor-widget-mo-heading-block\" data-id=\"7e383ec7\" data-element_type=\"widget\" data-widget_type=\"mo-heading-block.default\">\n\t\t\t\t<div class=\"elementor-widget-container\">\n\t\t\t<div class=\"mo-element-mo-heading-block mo-element\">   <div class=\"mo-title-box title-box-style-1 text-left\">\n      <div class=\"content-inner\">\n                     <h5 class=\"sub-title\" data-title=\"Hizmetlerimiz\"><span>Unsere Dienstleistungen<\/span><\/h5>\n           \n                     <h3 class=\"title\">Finanzbuchhaltung<\/h3>\n                        <\/div>\n   <\/div>\n   <div class=\"clearfix\"><\/div><\/div>\t\t<\/div>\n\t\t\t\t<\/div>\n\t\t\t\t<div class=\"elementor-element elementor-element-4aaac28f elementor-widget elementor-widget-spacer\" data-id=\"4aaac28f\" data-element_type=\"widget\" data-widget_type=\"spacer.default\">\n\t\t\t\t<div class=\"elementor-widget-container\">\n\t\t\t\t\t<div class=\"elementor-spacer\">\n\t\t\t<div class=\"elementor-spacer-inner\"><\/div>\n\t\t<\/div>\n\t\t\t\t<\/div>\n\t\t\t\t<\/div>\n\t\t\t\t<div class=\"elementor-element elementor-element-36b0a11c elementor-widget elementor-widget-text-editor\" data-id=\"36b0a11c\" data-element_type=\"widget\" data-widget_type=\"text-editor.default\">\n\t\t\t\t<div class=\"elementor-widget-container\">\n\t\t\t<style>\/*! elementor - v3.18.0 - 08-12-2023 *\/\n.elementor-widget-text-editor.elementor-drop-cap-view-stacked .elementor-drop-cap{background-color:#69727d;color:#fff}.elementor-widget-text-editor.elementor-drop-cap-view-framed .elementor-drop-cap{color:#69727d;border:3px solid;background-color:transparent}.elementor-widget-text-editor:not(.elementor-drop-cap-view-default) .elementor-drop-cap{margin-top:8px}.elementor-widget-text-editor:not(.elementor-drop-cap-view-default) .elementor-drop-cap-letter{width:1em;height:1em}.elementor-widget-text-editor .elementor-drop-cap{float:left;text-align:center;line-height:1;font-size:50px}.elementor-widget-text-editor .elementor-drop-cap-letter{display:inline-block}<\/style>\t\t\t\tProfitieren Sie von unserer nachhaltigen Unterst\u00fctzung bei der Erfassung und Aufbereitung Ihrer Finanzgesch\u00e4fte. Wir wickeln Ihre Finanzbuchhaltung in Deutsch, Englisch und T\u00fcrkisch ab, damit Ihre ausl\u00e4ndischen Niederlassungen, Gesch\u00e4ftspartner und Investoren den gleichen Wissensstand haben wie Sie. In Zeiten der immer weiter fortschreitenden Globalisierung sind Universalit\u00e4t und internationales Branding von gro\u00dfer Bedeutung f\u00fcr den Erfolg Ihres Unternehmens. Gemeinsam mit Ihnen erstellen wir Ihr pers\u00f6nliches und individuelles Servicepaket inklusive Kostenrechnung und monatlichem Reporting, um Ihr Unternehmen universell erfolgreich zu machen.\n<h6>Haben Sie noch Fragen? <strong class=\"color-main\"> +49 176 24859888 <\/strong><\/h6>\t\t\t\t\t\t<\/div>\n\t\t\t\t<\/div>\n\t\t\t\t\t<\/div>\n\t\t<\/div>\n\t\t\t\t\t\t\t<\/div>\n\t\t<\/section>\n\t\t\t\t\t<\/div>\n\t\t<\/div>\n\t\t\t\t\t\t\t<\/div>\n\t\t<\/section>\n\t\t\t\t<section class=\"elementor-section elementor-top-section elementor-element elementor-element-8c9556e elementor-section-boxed elementor-section-height-default elementor-section-height-default\" data-id=\"8c9556e\" data-element_type=\"section\" data-settings=\"{&quot;background_background&quot;:&quot;classic&quot;}\">\n\t\t\t\t\t\t<div class=\"elementor-container elementor-column-gap-default\">\n\t\t\t\t\t<div class=\"elementor-column elementor-col-100 elementor-top-column elementor-element elementor-element-88b7cfe\" data-id=\"88b7cfe\" data-element_type=\"column\">\n\t\t\t<div class=\"elementor-widget-wrap elementor-element-populated\">\n\t\t\t\t\t\t\t\t<section class=\"elementor-section elementor-inner-section elementor-element elementor-element-78e88af elementor-section-boxed elementor-section-height-default elementor-section-height-default\" data-id=\"78e88af\" data-element_type=\"section\">\n\t\t\t\t\t\t<div class=\"elementor-container elementor-column-gap-default\">\n\t\t\t\t\t<div class=\"elementor-column elementor-col-33 elementor-inner-column elementor-element elementor-element-3bec2b9\" data-id=\"3bec2b9\" data-element_type=\"column\">\n\t\t\t<div class=\"elementor-widget-wrap elementor-element-populated\">\n\t\t\t\t\t\t\t\t<div class=\"elementor-element elementor-element-79db3a7 elementor-widget elementor-widget-mo-icon-box\" data-id=\"79db3a7\" data-element_type=\"widget\" data-widget_type=\"mo-icon-box.default\">\n\t\t\t\t<div class=\"elementor-widget-container\">\n\t\t\t<div class=\"mo-element-mo-icon-box mo-element\"><div class=\"service iconbox icon-box-style3\">\n   <div class=\"content-inner\">\n      <div class=\"icon-wrap\"><svg xmlns=\"http:\/\/www.w3.org\/2000\/svg\" height=\"48\" width=\"48\" viewbox=\"0 0 52.943 47.943\"><g transform=\"translate(-1 -4)\"><path data-name=\"Trac&#xE9; 14528\" d=\"M46.679,18h5.943a4.245,4.245,0,0,1,4.245,4.245V39.226a4.245,4.245,0,0,1-4.245,4.245H50.075v8.491L38.189,43.472H28\" transform=\"translate(-3.925 -1.962)\" fill=\"none\" stroke=\"#afb0b9\" stroke-linecap=\"square\" stroke-miterlimit=\"10\" stroke-width=\"2\"><\/path><path data-name=\"Trac&#xE9; 14529\" d=\"M38.509,5H6.245A4.245,4.245,0,0,0,2,9.245V28.774a4.245,4.245,0,0,0,4.245,4.245h4.245V44.906L24.075,33.019H38.509a4.245,4.245,0,0,0,4.245-4.245V9.245A4.245,4.245,0,0,0,38.509,5Z\" transform=\"translate(0)\" fill=\"none\" stroke=\"#494c63\" stroke-linecap=\"square\" stroke-miterlimit=\"10\" stroke-width=\"2\"><\/path><\/g><\/svg><\/div>\n      <div class=\"title-wrap\">\n         <h6  class=\"title\" data-title=\"Almanca ve \u0130ngilizce olarak mali muhasebe hizmeti\"><span>Finanzbuchhaltung in Deutsch und Englisch<\/span><\/h6>\t\n          <div class=\"content\">\n\n<\/div>               <\/div>\n   <\/div>   \n<\/div><\/div>\t\t<\/div>\n\t\t\t\t<\/div>\n\t\t\t\t\t<\/div>\n\t\t<\/div>\n\t\t\t\t<div class=\"elementor-column elementor-col-33 elementor-inner-column elementor-element elementor-element-62d2024\" data-id=\"62d2024\" data-element_type=\"column\">\n\t\t\t<div class=\"elementor-widget-wrap elementor-element-populated\">\n\t\t\t\t\t\t\t\t<div class=\"elementor-element elementor-element-f8d557c elementor-widget elementor-widget-mo-icon-box\" data-id=\"f8d557c\" data-element_type=\"widget\" data-widget_type=\"mo-icon-box.default\">\n\t\t\t\t<div class=\"elementor-widget-container\">\n\t\t\t<div class=\"mo-element-mo-icon-box mo-element\"><div class=\"service iconbox icon-box-style3\">\n   <div class=\"content-inner\">\n      <div class=\"icon-wrap\"><svg xmlns=\"http:\/\/www.w3.org\/2000\/svg\" height=\"48\" width=\"48\" x=\"0px\" y=\"0px\" viewbox=\"0 0 60 60\" xml:space=\"preserve\">\t<g transform=\"translate(1 1.126)\">\t\t<path fill=\"none\" stroke=\"#afb0b9\" stroke-width=\"2\" stroke-miterlimit=\"10\" d=\"M2.4,8.7l13.3,6.9L29,8.7\"><\/path>\t\t<line fill=\"none\" stroke=\"#afb0b9\" stroke-width=\"2\" stroke-miterlimit=\"10\" x1=\"15.7\" y1=\"15.6\" x2=\"15.7\" y2=\"32.3\"><\/line>\t\t<path fill=\"none\" stroke=\"#afb0b9\" stroke-width=\"2\" stroke-linecap=\"square\" stroke-miterlimit=\"10\" d=\"M29,8.7L15.7,1.8L2.4,8.7v16.7l13.3,6.9L29,25.4V8.7z\"><\/path>\t\t<path fill=\"none\" stroke=\"#afb0b9\" stroke-width=\"2\" stroke-miterlimit=\"10\" d=\"M29,8.7l13.3,6.9l13.3-6.9\"><\/path>\t\t<line fill=\"none\" stroke=\"#afb0b9\" stroke-width=\"2\" stroke-miterlimit=\"10\" x1=\"42.3\" y1=\"15.6\" x2=\"42.3\" y2=\"32.3\"><\/line>\t\t<path fill=\"none\" stroke=\"#afb0b9\" stroke-width=\"2\" stroke-linecap=\"square\" stroke-miterlimit=\"10\" d=\"M55.6,8.7L42.3,1.8L29,8.7v16.7l13.3,6.9l13.3-6.9V8.7z\"><\/path>\t\t<path fill=\"none\" stroke=\"#494c63\" stroke-width=\"2\" stroke-miterlimit=\"10\" d=\"M15.7,32.3L29,39.2l13.3-6.9\"><\/path>\t\t<line fill=\"none\" stroke=\"#494c63\" stroke-width=\"2\" stroke-miterlimit=\"10\" x1=\"29\" y1=\"39.2\" x2=\"29\" y2=\"55.9\"><\/line>\t\t<path fill=\"none\" stroke=\"#494c63\" stroke-width=\"2\" stroke-linecap=\"square\" stroke-miterlimit=\"10\" d=\"M42.3,32.3L29,25.4l-13.3,6.9v16.7L29,55.9l13.3-6.9V32.3z\"><\/path>\t<\/g><\/svg><\/div>\n      <div class=\"title-wrap\">\n         <h6  class=\"title\" data-title=\"Ayl\u0131k raporlama\"><span>Monatliche Berichterstattung<\/span><\/h6>\t\n          <div class=\"content\">\n<\/div>               <\/div>\n   <\/div>   \n<\/div><\/div>\t\t<\/div>\n\t\t\t\t<\/div>\n\t\t\t\t\t<\/div>\n\t\t<\/div>\n\t\t\t\t<div class=\"elementor-column elementor-col-33 elementor-inner-column elementor-element elementor-element-a6634c7\" data-id=\"a6634c7\" data-element_type=\"column\">\n\t\t\t<div class=\"elementor-widget-wrap elementor-element-populated\">\n\t\t\t\t\t\t\t\t<div class=\"elementor-element elementor-element-17e8989 elementor-widget elementor-widget-mo-icon-box\" data-id=\"17e8989\" data-element_type=\"widget\" data-widget_type=\"mo-icon-box.default\">\n\t\t\t\t<div class=\"elementor-widget-container\">\n\t\t\t<div class=\"mo-element-mo-icon-box mo-element\"><div class=\"service iconbox icon-box-style3\">\n   <div class=\"content-inner\">\n      <div class=\"icon-wrap\"><svg xmlns=\"http:\/\/www.w3.org\/2000\/svg\" height=\"48\" width=\"48\" x=\"0px\" y=\"0px\" viewbox=\"0 0 60 60\" xml:space=\"preserve\"><g transform=\"translate(-3 -3)\">\t<line fill=\"none\" stroke=\"#afb0b9\" stroke-width=\"2\" stroke-linecap=\"square\" stroke-miterlimit=\"10\" x1=\"25\" y1=\"35\" x2=\"53\" y2=\"35\"><\/line>\t<rect x=\"25\" y=\"14\" fill=\"none\" stroke=\"#afb0b9\" stroke-width=\"2\" stroke-linecap=\"square\" stroke-miterlimit=\"10\" width=\"28\" height=\"13\"><\/rect>\t<line fill=\"none\" stroke=\"#afb0b9\" stroke-width=\"2\" stroke-linecap=\"square\" stroke-miterlimit=\"10\" x1=\"53\" y1=\"51\" x2=\"25\" y2=\"51\"><\/line>\t<line fill=\"none\" stroke=\"#afb0b9\" stroke-width=\"2\" stroke-linecap=\"square\" stroke-miterlimit=\"10\" x1=\"53\" y1=\"43\" x2=\"25\" y2=\"43\"><\/line>\t<path fill=\"none\" stroke=\"#494c63\" stroke-width=\"2\" stroke-linecap=\"square\" stroke-miterlimit=\"10\" d=\"M12,37H5v18c0,3.3,2.7,6,6,6\"><\/path>\t<path fill=\"none\" stroke=\"#494c63\" stroke-width=\"2\" stroke-linecap=\"square\" stroke-miterlimit=\"10\" d=\"M17,5v50c0,3.3-2.7,6-6,6h44c3.3,0,6-2.7,6-6V5H17z\"><\/path><\/g><\/svg><\/div>\n      <div class=\"title-wrap\">\n         <h6  class=\"title\" data-title=\"Maliyet muhasebesi\"><span>Kostenrechnung<\/span><\/h6>\t\n          <div class=\"content\">\n<\/div>               <\/div>\n   <\/div>   \n<\/div><\/div>\t\t<\/div>\n\t\t\t\t<\/div>\n\t\t\t\t\t<\/div>\n\t\t<\/div>\n\t\t\t\t\t\t\t<\/div>\n\t\t<\/section>\n\t\t\t\t\t<\/div>\n\t\t<\/div>\n\t\t\t\t\t\t\t<\/div>\n\t\t<\/section>\n\t\t\t\t\t\t\t<\/div>","protected":false},"excerpt":{"rendered":"<p>Unsere Leistungen Finanzbuchhaltung Sie profitieren von unserer nachhaltigen Unterst\u00fctzung bei der Erfassung und Aufbereitung Ihrer Finanzgesch\u00e4fte. Wir wickeln Ihre Finanzbuchhaltung in deutscher, englischer und t\u00fcrkischer Sprache ab, damit Ihre Niederlassungen, Gesch\u00e4ftspartner und Investoren im Ausland den gleichen Wissensstand haben wie Sie. In Zeiten der immer weiter fortschreitenden Globalisierung, Universalit\u00e4t und internationalen Markenbildung [...].<\/p>","protected":false},"author":1,"featured_media":0,"parent":0,"menu_order":0,"comment_status":"closed","ping_status":"closed","template":"","meta":{"footnotes":""},"_links":{"self":[{"href":"https:\/\/almanyada-sirket-kurmak.com\/de\/wp-json\/wp\/v2\/pages\/7237"}],"collection":[{"href":"https:\/\/almanyada-sirket-kurmak.com\/de\/wp-json\/wp\/v2\/pages"}],"about":[{"href":"https:\/\/almanyada-sirket-kurmak.com\/de\/wp-json\/wp\/v2\/types\/page"}],"author":[{"embeddable":true,"href":"https:\/\/almanyada-sirket-kurmak.com\/de\/wp-json\/wp\/v2\/users\/1"}],"replies":[{"embeddable":true,"href":"https:\/\/almanyada-sirket-kurmak.com\/de\/wp-json\/wp\/v2\/comments?post=7237"}],"version-history":[{"count":4,"href":"https:\/\/almanyada-sirket-kurmak.com\/de\/wp-json\/wp\/v2\/pages\/7237\/revisions"}],"predecessor-version":[{"id":9020,"href":"https:\/\/almanyada-sirket-kurmak.com\/de\/wp-json\/wp\/v2\/pages\/7237\/revisions\/9020"}],"wp:attachment":[{"href":"https:\/\/almanyada-sirket-kurmak.com\/de\/wp-json\/wp\/v2\/media?parent=7237"}],"curies":[{"name":"wp","href":"https:\/\/api.w.org\/{rel}","templated":true}]}}