{"id":7232,"date":"2023-10-14T23:40:39","date_gmt":"2023-10-14T23:40:39","guid":{"rendered":"https:\/\/motivoweb.com\/saga\/?page_id=7232"},"modified":"2024-01-21T19:20:06","modified_gmt":"2024-01-21T19:20:06","slug":"yillik-bilanco-ve-vergi-beyannameleri","status":"publish","type":"page","link":"https:\/\/almanyada-sirket-kurmak.com\/de\/jahresbilanzen-und-steuererklarungen\/","title":{"rendered":"Jahresbilanz und Steuererkl\u00e4rungen"},"content":{"rendered":"<div data-elementor-type=\"wp-page\" data-elementor-id=\"7232\" class=\"elementor elementor-7232\" data-elementor-post-type=\"page\">\n\t\t\t\t\t\t\t\t\t<section class=\"elementor-section elementor-top-section elementor-element elementor-element-e836019 elementor-section-stretched elementor-section-full_width elementor-section-height-default elementor-section-height-default\" data-id=\"e836019\" data-element_type=\"section\" data-settings=\"{&quot;stretch_section&quot;:&quot;section-stretched&quot;}\">\n\t\t\t\t\t\t<div class=\"elementor-container elementor-column-gap-default\">\n\t\t\t\t\t<div class=\"elementor-column elementor-col-100 elementor-top-column elementor-element elementor-element-8fb76b0\" data-id=\"8fb76b0\" data-element_type=\"column\">\n\t\t\t<div class=\"elementor-widget-wrap elementor-element-populated\">\n\t\t\t\t\t\t\t\t<div class=\"elementor-element elementor-element-ed6b491 elementor-widget elementor-widget-spacer\" data-id=\"ed6b491\" data-element_type=\"widget\" data-widget_type=\"spacer.default\">\n\t\t\t\t<div class=\"elementor-widget-container\">\n\t\t\t<style>\/*! elementor - v3.18.0 - 08-12-2023 *\/\n.elementor-column .elementor-spacer-inner{height:var(--spacer-size)}.e-con{--container-widget-width:100%}.e-con-inner>.elementor-widget-spacer,.e-con>.elementor-widget-spacer{width:var(--container-widget-width,var(--spacer-size));--align-self:var(--container-widget-align-self,initial);--flex-shrink:0}.e-con-inner>.elementor-widget-spacer>.elementor-widget-container,.e-con>.elementor-widget-spacer>.elementor-widget-container{height:100%;width:100%}.e-con-inner>.elementor-widget-spacer>.elementor-widget-container>.elementor-spacer,.e-con>.elementor-widget-spacer>.elementor-widget-container>.elementor-spacer{height:100%}.e-con-inner>.elementor-widget-spacer>.elementor-widget-container>.elementor-spacer>.elementor-spacer-inner,.e-con>.elementor-widget-spacer>.elementor-widget-container>.elementor-spacer>.elementor-spacer-inner{height:var(--container-widget-height,var(--spacer-size))}.e-con-inner>.elementor-widget-spacer.elementor-widget-empty,.e-con>.elementor-widget-spacer.elementor-widget-empty{position:relative;min-height:22px;min-width:22px}.e-con-inner>.elementor-widget-spacer.elementor-widget-empty .elementor-widget-empty-icon,.e-con>.elementor-widget-spacer.elementor-widget-empty .elementor-widget-empty-icon{position:absolute;top:0;bottom:0;left:0;right:0;margin:auto;padding:0;width:22px;height:22px}<\/style>\t\t<div class=\"elementor-spacer\">\n\t\t\t<div class=\"elementor-spacer-inner\"><\/div>\n\t\t<\/div>\n\t\t\t\t<\/div>\n\t\t\t\t<\/div>\n\t\t\t\t<section class=\"elementor-section elementor-inner-section elementor-element elementor-element-159180e elementor-section-boxed elementor-section-height-default elementor-section-height-default\" data-id=\"159180e\" data-element_type=\"section\">\n\t\t\t\t\t\t<div class=\"elementor-container elementor-column-gap-default\">\n\t\t\t\t\t<div class=\"elementor-column elementor-col-50 elementor-inner-column elementor-element elementor-element-be9b268\" data-id=\"be9b268\" data-element_type=\"column\">\n\t\t\t<div class=\"elementor-widget-wrap elementor-element-populated\">\n\t\t\t\t\t\t\t\t<div class=\"elementor-element elementor-element-63c8e59 elementor-widget elementor-widget-mo-heading-block\" data-id=\"63c8e59\" data-element_type=\"widget\" data-widget_type=\"mo-heading-block.default\">\n\t\t\t\t<div class=\"elementor-widget-container\">\n\t\t\t<div class=\"mo-element-mo-heading-block mo-element\">   <div class=\"mo-title-box title-box-style-1 text-left\">\n      <div class=\"content-inner\">\n                     <h5 class=\"sub-title\" data-title=\"Hizmetlerimiz\"><span>Unsere Dienstleistungen<\/span><\/h5>\n           \n                     <h3 class=\"title\">Jahresbilanz und Steuererkl\u00e4rungen\n<\/h3>\n                        <\/div>\n   <\/div>\n   <div class=\"clearfix\"><\/div><\/div>\t\t<\/div>\n\t\t\t\t<\/div>\n\t\t\t\t\t<\/div>\n\t\t<\/div>\n\t\t\t\t<div class=\"elementor-column elementor-col-50 elementor-inner-column elementor-element elementor-element-755e5f5\" data-id=\"755e5f5\" data-element_type=\"column\">\n\t\t\t<div class=\"elementor-widget-wrap elementor-element-populated\">\n\t\t\t\t\t\t\t\t<div class=\"elementor-element elementor-element-88f07b3 elementor-widget elementor-widget-spacer\" data-id=\"88f07b3\" data-element_type=\"widget\" data-widget_type=\"spacer.default\">\n\t\t\t\t<div class=\"elementor-widget-container\">\n\t\t\t\t\t<div class=\"elementor-spacer\">\n\t\t\t<div class=\"elementor-spacer-inner\"><\/div>\n\t\t<\/div>\n\t\t\t\t<\/div>\n\t\t\t\t<\/div>\n\t\t\t\t<div class=\"elementor-element elementor-element-11f7cbd elementor-widget elementor-widget-text-editor\" data-id=\"11f7cbd\" data-element_type=\"widget\" data-widget_type=\"text-editor.default\">\n\t\t\t\t<div class=\"elementor-widget-container\">\n\t\t\t<style>\/*! elementor - v3.18.0 - 08-12-2023 *\/\n.elementor-widget-text-editor.elementor-drop-cap-view-stacked .elementor-drop-cap{background-color:#69727d;color:#fff}.elementor-widget-text-editor.elementor-drop-cap-view-framed .elementor-drop-cap{color:#69727d;border:3px solid;background-color:transparent}.elementor-widget-text-editor:not(.elementor-drop-cap-view-default) .elementor-drop-cap{margin-top:8px}.elementor-widget-text-editor:not(.elementor-drop-cap-view-default) .elementor-drop-cap-letter{width:1em;height:1em}.elementor-widget-text-editor .elementor-drop-cap{float:left;text-align:center;line-height:1;font-size:50px}.elementor-widget-text-editor .elementor-drop-cap-letter{display:inline-block}<\/style>\t\t\t\t<p>Auf der Grundlage Ihrer Buchhaltung erstellen wir zeitnah und kompetent Ihre Jahresbilanz. Um die Ermittlung Ihrer Steuerlast zu optimieren, ist eine klare und verst\u00e4ndliche Kommunikation ein wichtiger und entscheidender Faktor. Dabei bilden die Erfahrungen, die wir im Laufe der Jahre bei unseren Mandanten aus den unterschiedlichsten Bereichen und Branchen gesammelt haben, die Grundlage unserer gemeinsamen Sprache.<br \/><strong class=\"color-main\">Haben Sie noch Fragen? <\/strong><strong class=\"color-main\">+49 176 24859888<\/strong><\/p>\t\t\t\t\t\t<\/div>\n\t\t\t\t<\/div>\n\t\t\t\t\t<\/div>\n\t\t<\/div>\n\t\t\t\t\t\t\t<\/div>\n\t\t<\/section>\n\t\t\t\t<section class=\"elementor-section elementor-inner-section elementor-element elementor-element-9fc8460 elementor-section-boxed elementor-section-height-default elementor-section-height-default\" data-id=\"9fc8460\" data-element_type=\"section\">\n\t\t\t\t\t\t<div class=\"elementor-container elementor-column-gap-default\">\n\t\t\t\t\t<div class=\"elementor-column elementor-col-33 elementor-inner-column elementor-element elementor-element-a896924\" data-id=\"a896924\" data-element_type=\"column\">\n\t\t\t<div class=\"elementor-widget-wrap elementor-element-populated\">\n\t\t\t\t\t\t\t\t<div class=\"elementor-element elementor-element-27b98e2 elementor-widget elementor-widget-mo-icon-box\" data-id=\"27b98e2\" data-element_type=\"widget\" data-widget_type=\"mo-icon-box.default\">\n\t\t\t\t<div class=\"elementor-widget-container\">\n\t\t\t<div class=\"mo-element-mo-icon-box mo-element\"><div class=\"service iconbox icon-box-style3\">\n   <div class=\"content-inner\">\n      <div class=\"icon-wrap\"><svg xmlns=\"http:\/\/www.w3.org\/2000\/svg\" height=\"48\" width=\"48\" x=\"0px\" y=\"0px\" viewbox=\"0 0 60 60\" xml:space=\"preserve\">  <g transform=\"translate(1 1)\">\t  <path fill=\"none\" stroke=\"#494c63\" stroke-width=\"2\" stroke-miterlimit=\"10\" d=\"M11.6,58v-3.9L1.4,42.2C0.5,41.2,0,39.8,0,38.5V20.8c0-1.9,1.5-3.4,3.4-3.4l0,0l0,0c1.9,0,3.4,1.5,3.4,3.4l0,0V32\"><\/path>    <path fill=\"none\" stroke=\"#494c63\" stroke-width=\"2\" stroke-miterlimit=\"10\" d=\"M23.2,58V44.9c0-1.5-0.6-3-1.7-4.1l-9.4-9.4c-1.3-1.3-3.5-1.3-4.8,0c0,0,0,0,0,0l0,0c-1.3,1.3-1.3,3.5,0,4.8c0,0,0,0,0,0l7.2,7.2\"><\/path>    <path fill=\"none\" stroke=\"#494c63\" stroke-width=\"2\" stroke-miterlimit=\"10\" d=\"M46.4,58v-3.9l10.2-11.9c0.9-1.1,1.4-2.4,1.4-3.8V20.8c0-1.9-1.5-3.4-3.4-3.4l0,0l0,0c-1.9,0-3.4,1.5-3.4,3.4l0,0V32\"><\/path>    <path fill=\"none\" stroke=\"#494c63\" stroke-width=\"2\" stroke-miterlimit=\"10\" d=\"M34.8,58V44.9c0-1.5,0.6-3,1.7-4.1l9.4-9.4c1.3-1.3,3.5-1.3,4.8,0c0,0,0,0,0,0l0,0c1.3,1.3,1.3,3.5,0,4.8c0,0,0,0,0,0l-7.2,7.2\"><\/path>    <line fill=\"none\" stroke=\"#afb0b9\" stroke-width=\"2\" stroke-miterlimit=\"10\" x1=\"14.5\" y1=\"14.5\" x2=\"43.5\" y2=\"14.5\"><\/line>    <circle fill=\"none\" stroke=\"#afb0b9\" stroke-width=\"2\" stroke-linecap=\"square\" stroke-miterlimit=\"10\" cx=\"29\" cy=\"14.5\" r=\"14.5\"><\/circle>    <ellipse fill=\"none\" stroke=\"#afb0b9\" stroke-width=\"2\" stroke-linecap=\"square\" stroke-miterlimit=\"10\" cx=\"29\" cy=\"14.5\" rx=\"6.2\" ry=\"14.5\"><\/ellipse>  <\/g><\/svg><\/div>\n      <div class=\"title-wrap\">\n         <h6  class=\"title\" data-title=\"Ticaret ve vergi hukukuna uygun olarak avantaj\u0131n\u0131z do\u011frultusunda, y\u0131ll\u0131k bilan\u00e7onuzun \u00fclkeler aras\u0131 tanzim edilmesi.\"><span>Die grenz\u00fcberschreitende Erstellung Ihrer Jahresbilanz zu Ihrem Vorteil nach Handels- und Steuerrecht.<\/span><\/h6>\t\n                        <\/div>\n   <\/div>   \n<\/div><\/div>\t\t<\/div>\n\t\t\t\t<\/div>\n\t\t\t\t\t<\/div>\n\t\t<\/div>\n\t\t\t\t<div class=\"elementor-column elementor-col-33 elementor-inner-column elementor-element elementor-element-6dbd0fc\" data-id=\"6dbd0fc\" data-element_type=\"column\">\n\t\t\t<div class=\"elementor-widget-wrap elementor-element-populated\">\n\t\t\t\t\t\t\t\t<div class=\"elementor-element elementor-element-9b82afa elementor-widget elementor-widget-mo-icon-box\" data-id=\"9b82afa\" data-element_type=\"widget\" data-widget_type=\"mo-icon-box.default\">\n\t\t\t\t<div class=\"elementor-widget-container\">\n\t\t\t<div class=\"mo-element-mo-icon-box mo-element\"><div class=\"service iconbox icon-box-style3\">\n   <div class=\"content-inner\">\n      <div class=\"icon-wrap\"><svg xmlns=\"http:\/\/www.w3.org\/2000\/svg\" height=\"48\" width=\"48\" x=\"0px\" y=\"0px\" viewbox=\"0 0 60 60\" xml:space=\"preserve\">\t<g transform=\"translate(1 -1)\">\t\t<path fill=\"none\" stroke=\"#494c63\" stroke-width=\"2\" stroke-linecap=\"square\" stroke-miterlimit=\"10\" d=\"M57,3H26.5v26.7l11.5-8.9H57V3z\"><\/path>\t\t<path fill=\"none\" stroke=\"#afb0b9\" stroke-width=\"2\" stroke-linecap=\"square\" stroke-miterlimit=\"10\" d=\"M23.9,56c0-1.5-0.7-3-1.9-4c-2.7-2.1-6.1-3.3-9.6-3.3c-3.5,0-6.8,1.1-9.6,3.3C1.7,53,1,54.5,1,56v3h22.9V56z\"><\/path>\t\t<circle fill=\"none\" stroke=\"#afb0b9\" stroke-width=\"2\" stroke-linecap=\"square\" stroke-miterlimit=\"10\" cx=\"12.5\" cy=\"36.1\" r=\"6.4\"><\/circle>\t\t<path fill=\"none\" stroke=\"#afb0b9\" stroke-width=\"2\" stroke-linecap=\"square\" stroke-miterlimit=\"10\" d=\"M57,56c0-1.5-0.7-3-1.9-4c-5.6-4.4-13.5-4.4-19.2,0c-1.2,1-1.9,2.4-1.9,4v3H57V56z\"><\/path>\t\t<circle fill=\"none\" stroke=\"#afb0b9\" stroke-width=\"2\" stroke-linecap=\"square\" stroke-miterlimit=\"10\" cx=\"45.5\" cy=\"36.1\" r=\"6.4\"><\/circle>\t<\/g><\/svg><\/div>\n      <div class=\"title-wrap\">\n         <h6  class=\"title\" data-title=\"T\u00fcm cari vergi beyannamelerinizin tanzim edilmesi\"><span>Erstellung aller Ihrer laufenden Steuererkl\u00e4rungen<\/span><\/h6>\t\n          <div class=\"content\">\n<\/div>               <\/div>\n   <\/div>   \n<\/div><\/div>\t\t<\/div>\n\t\t\t\t<\/div>\n\t\t\t\t\t<\/div>\n\t\t<\/div>\n\t\t\t\t<div class=\"elementor-column elementor-col-33 elementor-inner-column elementor-element elementor-element-f3ba860\" data-id=\"f3ba860\" data-element_type=\"column\">\n\t\t\t<div class=\"elementor-widget-wrap elementor-element-populated\">\n\t\t\t\t\t\t\t\t<div class=\"elementor-element elementor-element-d558f97 elementor-widget elementor-widget-mo-icon-box\" data-id=\"d558f97\" data-element_type=\"widget\" data-widget_type=\"mo-icon-box.default\">\n\t\t\t\t<div class=\"elementor-widget-container\">\n\t\t\t<div class=\"mo-element-mo-icon-box mo-element\"><div class=\"service iconbox icon-box-style3\">\n   <div class=\"content-inner\">\n      <div class=\"icon-wrap\"><svg xmlns=\"http:\/\/www.w3.org\/2000\/svg\" height=\"48\" width=\"48\" viewbox=\"0 0 66 68\"><g transform=\"translate(1.486 1.261)\"><rect data-name=\"Rectangle 1573\" width=\"12\" height=\"16\" transform=\"translate(-0.486 49.739)\" fill=\"none\" stroke=\"#494c63\" stroke-linecap=\"square\" stroke-miterlimit=\"10\" stroke-width=\"2\"><\/rect><rect data-name=\"Rectangle 1574\" width=\"11\" height=\"16\" transform=\"translate(26.514 49.739)\" fill=\"none\" stroke=\"#494c63\" stroke-linecap=\"square\" stroke-miterlimit=\"10\" stroke-width=\"2\"><\/rect><rect data-name=\"Rectangle 1575\" width=\"25\" height=\"16\" transform=\"translate(19.514 -0.261)\" fill=\"none\" stroke=\"#494c63\" stroke-linecap=\"square\" stroke-miterlimit=\"10\" stroke-width=\"2\"><\/rect><rect data-name=\"Rectangle 1576\" width=\"11\" height=\"16\" transform=\"translate(52.514 49.739)\" fill=\"none\" stroke=\"#494c63\" stroke-linecap=\"square\" stroke-miterlimit=\"10\" stroke-width=\"2\"><\/rect><line data-name=\"Line 953\" y2=\"18\" transform=\"translate(31.514 22.739)\" fill=\"none\" stroke=\"#afb0b9\" stroke-linecap=\"square\" stroke-miterlimit=\"10\" stroke-width=\"2\"><\/line><path data-name=\"Path 14707\" d=\"M9,41.06V32H61.093v9.06\" transform=\"translate(-3.338 -0.291)\" fill=\"none\" stroke=\"#afb0b9\" stroke-linecap=\"square\" stroke-miterlimit=\"10\" stroke-width=\"2\"><\/path><\/g><\/svg><\/div>\n      <div class=\"title-wrap\">\n         <h6  class=\"title\" data-title=\"Y\u0131ll\u0131k bilan\u00e7olar\u0131n haz\u0131rlanmas\u0131nda dan\u0131\u015fmanl\u0131k ve i\u015fbirli\u011fi hizmeti.\"><span>Beratung und Mitarbeit bei der Erstellung von Jahresbilanzen.<\/span><\/h6>\t\n          <div class=\"content\">\n\n<\/div>               <\/div>\n   <\/div>   \n<\/div><\/div>\t\t<\/div>\n\t\t\t\t<\/div>\n\t\t\t\t\t<\/div>\n\t\t<\/div>\n\t\t\t\t\t\t\t<\/div>\n\t\t<\/section>\n\t\t\t\t\t<\/div>\n\t\t<\/div>\n\t\t\t\t\t\t\t<\/div>\n\t\t<\/section>\n\t\t\t\t\t\t\t<\/div>","protected":false},"excerpt":{"rendered":"<p>Unsere Leistungen Jahresbilanz und Steuererkl\u00e4rungen Wir erstellen Ihre Jahresbilanz auf Basis Ihrer Buchhaltung zeitnah und kompetent. Um die Ermittlung Ihrer Steuerlast zu optimieren, ist eine klare und verst\u00e4ndliche Kommunikation ein wesentlicher und entscheidender Faktor. Dabei bilden die Erfahrungen, die wir im Laufe der Jahre bei unseren Mandanten aus den unterschiedlichsten Bereichen und Branchen gesammelt haben, die Grundlage unserer gemeinsamen Sprache.<\/p>","protected":false},"author":1,"featured_media":0,"parent":0,"menu_order":0,"comment_status":"closed","ping_status":"closed","template":"","meta":{"footnotes":""},"_links":{"self":[{"href":"https:\/\/almanyada-sirket-kurmak.com\/de\/wp-json\/wp\/v2\/pages\/7232"}],"collection":[{"href":"https:\/\/almanyada-sirket-kurmak.com\/de\/wp-json\/wp\/v2\/pages"}],"about":[{"href":"https:\/\/almanyada-sirket-kurmak.com\/de\/wp-json\/wp\/v2\/types\/page"}],"author":[{"embeddable":true,"href":"https:\/\/almanyada-sirket-kurmak.com\/de\/wp-json\/wp\/v2\/users\/1"}],"replies":[{"embeddable":true,"href":"https:\/\/almanyada-sirket-kurmak.com\/de\/wp-json\/wp\/v2\/comments?post=7232"}],"version-history":[{"count":4,"href":"https:\/\/almanyada-sirket-kurmak.com\/de\/wp-json\/wp\/v2\/pages\/7232\/revisions"}],"predecessor-version":[{"id":9010,"href":"https:\/\/almanyada-sirket-kurmak.com\/de\/wp-json\/wp\/v2\/pages\/7232\/revisions\/9010"}],"wp:attachment":[{"href":"https:\/\/almanyada-sirket-kurmak.com\/de\/wp-json\/wp\/v2\/media?parent=7232"}],"curies":[{"name":"wp","href":"https:\/\/api.w.org\/{rel}","templated":true}]}}