{"id":369,"date":"2023-02-10T12:00:46","date_gmt":"2023-02-10T12:00:46","guid":{"rendered":"https:\/\/motivoweb.com\/zad\/?page_id=369"},"modified":"2024-02-29T11:53:08","modified_gmt":"2024-02-29T11:53:08","slug":"isletme-danismanligi","status":"publish","type":"page","link":"https:\/\/almanyada-sirket-kurmak.com\/de\/unternehmensberatung\/","title":{"rendered":"Unternehmensberatung"},"content":{"rendered":"<div data-elementor-type=\"wp-page\" data-elementor-id=\"369\" class=\"elementor elementor-369\" data-elementor-post-type=\"page\">\n\t\t\t\t\t\t\t\t\t<section class=\"elementor-section elementor-top-section elementor-element elementor-element-7a86d07 elementor-section-stretched elementor-section-full_width elementor-section-height-default elementor-section-height-default\" data-id=\"7a86d07\" data-element_type=\"section\" data-settings=\"{&quot;stretch_section&quot;:&quot;section-stretched&quot;}\">\n\t\t\t\t\t\t<div class=\"elementor-container elementor-column-gap-default\">\n\t\t\t\t\t<div class=\"elementor-column elementor-col-100 elementor-top-column elementor-element elementor-element-46eaa96\" data-id=\"46eaa96\" data-element_type=\"column\">\n\t\t\t<div class=\"elementor-widget-wrap elementor-element-populated\">\n\t\t\t\t\t\t\t\t<div class=\"elementor-element elementor-element-6fc4c228 elementor-widget elementor-widget-spacer\" data-id=\"6fc4c228\" data-element_type=\"widget\" data-widget_type=\"spacer.default\">\n\t\t\t\t<div class=\"elementor-widget-container\">\n\t\t\t<style>\/*! elementor - v3.18.0 - 08-12-2023 *\/\n.elementor-column .elementor-spacer-inner{height:var(--spacer-size)}.e-con{--container-widget-width:100%}.e-con-inner>.elementor-widget-spacer,.e-con>.elementor-widget-spacer{width:var(--container-widget-width,var(--spacer-size));--align-self:var(--container-widget-align-self,initial);--flex-shrink:0}.e-con-inner>.elementor-widget-spacer>.elementor-widget-container,.e-con>.elementor-widget-spacer>.elementor-widget-container{height:100%;width:100%}.e-con-inner>.elementor-widget-spacer>.elementor-widget-container>.elementor-spacer,.e-con>.elementor-widget-spacer>.elementor-widget-container>.elementor-spacer{height:100%}.e-con-inner>.elementor-widget-spacer>.elementor-widget-container>.elementor-spacer>.elementor-spacer-inner,.e-con>.elementor-widget-spacer>.elementor-widget-container>.elementor-spacer>.elementor-spacer-inner{height:var(--container-widget-height,var(--spacer-size))}.e-con-inner>.elementor-widget-spacer.elementor-widget-empty,.e-con>.elementor-widget-spacer.elementor-widget-empty{position:relative;min-height:22px;min-width:22px}.e-con-inner>.elementor-widget-spacer.elementor-widget-empty .elementor-widget-empty-icon,.e-con>.elementor-widget-spacer.elementor-widget-empty .elementor-widget-empty-icon{position:absolute;top:0;bottom:0;left:0;right:0;margin:auto;padding:0;width:22px;height:22px}<\/style>\t\t<div class=\"elementor-spacer\">\n\t\t\t<div class=\"elementor-spacer-inner\"><\/div>\n\t\t<\/div>\n\t\t\t\t<\/div>\n\t\t\t\t<\/div>\n\t\t\t\t<section class=\"elementor-section elementor-inner-section elementor-element elementor-element-12bec628 elementor-section-boxed elementor-section-height-default elementor-section-height-default\" data-id=\"12bec628\" data-element_type=\"section\">\n\t\t\t\t\t\t<div class=\"elementor-container elementor-column-gap-default\">\n\t\t\t\t\t<div class=\"elementor-column elementor-col-50 elementor-inner-column elementor-element elementor-element-214c7960\" data-id=\"214c7960\" data-element_type=\"column\">\n\t\t\t<div class=\"elementor-widget-wrap elementor-element-populated\">\n\t\t\t\t\t\t\t\t<div class=\"elementor-element elementor-element-1844d1e8 elementor-widget elementor-widget-image\" data-id=\"1844d1e8\" data-element_type=\"widget\" data-widget_type=\"image.default\">\n\t\t\t\t<div class=\"elementor-widget-container\">\n\t\t\t<style>\/*! elementor - v3.18.0 - 08-12-2023 *\/\n.elementor-widget-image{text-align:center}.elementor-widget-image a{display:inline-block}.elementor-widget-image a img[src$=\".svg\"]{width:48px}.elementor-widget-image img{vertical-align:middle;display:inline-block}<\/style>\t\t\t\t\t\t\t\t\t\t\t\t<img fetchpriority=\"high\" decoding=\"async\" width=\"900\" height=\"599\" src=\"https:\/\/almanyada-sirket-kurmak.com\/wp-content\/uploads\/2024\/01\/corporate-business-handshake-partners_53876-102581-1024x682.jpg\" class=\"attachment-large size-large wp-image-9035\" alt=\"\" srcset=\"https:\/\/almanyada-sirket-kurmak.com\/wp-content\/uploads\/2024\/01\/corporate-business-handshake-partners_53876-102581-1024x682.jpg 1024w, https:\/\/almanyada-sirket-kurmak.com\/wp-content\/uploads\/2024\/01\/corporate-business-handshake-partners_53876-102581-300x200.jpg 300w, https:\/\/almanyada-sirket-kurmak.com\/wp-content\/uploads\/2024\/01\/corporate-business-handshake-partners_53876-102581-768x512.jpg 768w, https:\/\/almanyada-sirket-kurmak.com\/wp-content\/uploads\/2024\/01\/corporate-business-handshake-partners_53876-102581-1536x1024.jpg 1536w, https:\/\/almanyada-sirket-kurmak.com\/wp-content\/uploads\/2024\/01\/corporate-business-handshake-partners_53876-102581-720x480.jpg 720w, https:\/\/almanyada-sirket-kurmak.com\/wp-content\/uploads\/2024\/01\/corporate-business-handshake-partners_53876-102581-600x400.jpg 600w, https:\/\/almanyada-sirket-kurmak.com\/wp-content\/uploads\/2024\/01\/corporate-business-handshake-partners_53876-102581.jpg 2000w\" sizes=\"(max-width: 900px) 100vw, 900px\" \/>\t\t\t\t\t\t\t\t\t\t\t\t\t\t\t<\/div>\n\t\t\t\t<\/div>\n\t\t\t\t\t<\/div>\n\t\t<\/div>\n\t\t\t\t<div class=\"elementor-column elementor-col-50 elementor-inner-column elementor-element elementor-element-1c164b5d\" data-id=\"1c164b5d\" data-element_type=\"column\">\n\t\t\t<div class=\"elementor-widget-wrap elementor-element-populated\">\n\t\t\t\t\t\t\t\t<div class=\"elementor-element elementor-element-3f364a15 elementor-widget elementor-widget-mo-heading-block\" data-id=\"3f364a15\" data-element_type=\"widget\" data-widget_type=\"mo-heading-block.default\">\n\t\t\t\t<div class=\"elementor-widget-container\">\n\t\t\t<div class=\"mo-element-mo-heading-block mo-element\">   <div class=\"mo-title-box title-box-style-1 text-left\">\n      <div class=\"content-inner\">\n                     <h5 class=\"sub-title\" data-title=\"Hizmetlerimiz\"><span>Unsere Dienstleistungen<\/span><\/h5>\n           \n                     <h3 class=\"title\">Unternehmensberatung<\/h3>\n                        <\/div>\n   <\/div>\n   <div class=\"clearfix\"><\/div><\/div>\t\t<\/div>\n\t\t\t\t<\/div>\n\t\t\t\t<div class=\"elementor-element elementor-element-4ee53066 elementor-widget elementor-widget-spacer\" data-id=\"4ee53066\" data-element_type=\"widget\" data-widget_type=\"spacer.default\">\n\t\t\t\t<div class=\"elementor-widget-container\">\n\t\t\t\t\t<div class=\"elementor-spacer\">\n\t\t\t<div class=\"elementor-spacer-inner\"><\/div>\n\t\t<\/div>\n\t\t\t\t<\/div>\n\t\t\t\t<\/div>\n\t\t\t\t<div class=\"elementor-element elementor-element-62c11610 elementor-widget elementor-widget-text-editor\" data-id=\"62c11610\" data-element_type=\"widget\" data-widget_type=\"text-editor.default\">\n\t\t\t\t<div class=\"elementor-widget-container\">\n\t\t\t<style>\/*! elementor - v3.18.0 - 08-12-2023 *\/\n.elementor-widget-text-editor.elementor-drop-cap-view-stacked .elementor-drop-cap{background-color:#69727d;color:#fff}.elementor-widget-text-editor.elementor-drop-cap-view-framed .elementor-drop-cap{color:#69727d;border:3px solid;background-color:transparent}.elementor-widget-text-editor:not(.elementor-drop-cap-view-default) .elementor-drop-cap{margin-top:8px}.elementor-widget-text-editor:not(.elementor-drop-cap-view-default) .elementor-drop-cap-letter{width:1em;height:1em}.elementor-widget-text-editor .elementor-drop-cap{float:left;text-align:center;line-height:1;font-size:50px}.elementor-widget-text-editor .elementor-drop-cap-letter{display:inline-block}<\/style>\t\t\t\t<p>Wir beraten Unternehmen funktional in den Bereichen Gr\u00fcndung, Finanzierungsmodellierung und Wahl der steueroptimalen Rechtsform sowie bei der Umstrukturierungsplanung. Durch eine fundierte und umfassende Analyse der finanziellen Situation Ihres Unternehmens unterst\u00fctzen wir Sie auch mit betriebswirtschaftlicher Beratung im Bereich der Unternehmensplanung und -entwicklung (z.B. Erwerb oder Ver\u00e4u\u00dferung verschiedener Gesch\u00e4ftsaktivit\u00e4ten).<\/p><h6>Haben Sie noch Fragen? <strong class=\"color-main\"> +49 176 24859888 <\/strong><\/h6>\t\t\t\t\t\t<\/div>\n\t\t\t\t<\/div>\n\t\t\t\t\t<\/div>\n\t\t<\/div>\n\t\t\t\t\t\t\t<\/div>\n\t\t<\/section>\n\t\t\t\t\t<\/div>\n\t\t<\/div>\n\t\t\t\t\t\t\t<\/div>\n\t\t<\/section>\n\t\t\t\t<section class=\"elementor-section elementor-top-section elementor-element elementor-element-fb69898 elementor-section-boxed elementor-section-height-default elementor-section-height-default\" data-id=\"fb69898\" data-element_type=\"section\">\n\t\t\t\t\t\t<div class=\"elementor-container elementor-column-gap-default\">\n\t\t\t\t\t<div class=\"elementor-column elementor-col-50 elementor-top-column elementor-element elementor-element-42fd9d5\" data-id=\"42fd9d5\" data-element_type=\"column\">\n\t\t\t<div class=\"elementor-widget-wrap elementor-element-populated\">\n\t\t\t\t\t\t\t\t<div class=\"elementor-element elementor-element-6edc148 elementor-widget elementor-widget-mo-icon-box\" data-id=\"6edc148\" data-element_type=\"widget\" data-widget_type=\"mo-icon-box.default\">\n\t\t\t\t<div class=\"elementor-widget-container\">\n\t\t\t<div class=\"mo-element-mo-icon-box mo-element\"><div class=\"service iconbox icon-box-style9\">\n   <div class=\"content-inner\">\n      <div class=\"icon-wrap\"><i aria-hidden=\"true\" class=\"icon fi pe-7s-edit\"><\/i><\/div>\n      <div class=\"title-wrap\">\n         <h6  class=\"title\" data-title=\"\u015eirketlerin Al\u0131m ve Sat\u0131m\u0131\"><span>Kauf und Verkauf von Unternehmen<\/span><\/h6>\t\n                        <\/div>\n   <\/div>   \n<\/div><\/div>\t\t<\/div>\n\t\t\t\t<\/div>\n\t\t\t\t\t<\/div>\n\t\t<\/div>\n\t\t\t\t<div class=\"elementor-column elementor-col-50 elementor-top-column elementor-element elementor-element-80463e0\" data-id=\"80463e0\" data-element_type=\"column\">\n\t\t\t<div class=\"elementor-widget-wrap elementor-element-populated\">\n\t\t\t\t\t\t\t\t<div class=\"elementor-element elementor-element-6f66707 elementor-widget elementor-widget-mo-icon-box\" data-id=\"6f66707\" data-element_type=\"widget\" data-widget_type=\"mo-icon-box.default\">\n\t\t\t\t<div class=\"elementor-widget-container\">\n\t\t\t<div class=\"mo-element-mo-icon-box mo-element\"><div class=\"service iconbox icon-box-style9\">\n   <div class=\"content-inner\">\n      <div class=\"icon-wrap\"><i aria-hidden=\"true\" class=\"icon fi pe-7s-cash\"><\/i><\/div>\n      <div class=\"title-wrap\">\n         <h6  class=\"title\" data-title=\"Maliyet Muhasebesi\"><span>Kostenrechnung<\/span><\/h6>\t\n                        <\/div>\n   <\/div>   \n<\/div><\/div>\t\t<\/div>\n\t\t\t\t<\/div>\n\t\t\t\t\t<\/div>\n\t\t<\/div>\n\t\t\t\t\t\t\t<\/div>\n\t\t<\/section>\n\t\t\t\t<section class=\"elementor-section elementor-top-section elementor-element elementor-element-9ff8378 elementor-section-boxed elementor-section-height-default elementor-section-height-default\" data-id=\"9ff8378\" data-element_type=\"section\">\n\t\t\t\t\t\t<div class=\"elementor-container elementor-column-gap-default\">\n\t\t\t\t\t<div class=\"elementor-column elementor-col-50 elementor-top-column elementor-element elementor-element-019f114\" data-id=\"019f114\" data-element_type=\"column\">\n\t\t\t<div class=\"elementor-widget-wrap elementor-element-populated\">\n\t\t\t\t\t\t\t\t<div class=\"elementor-element elementor-element-9cf84ea elementor-widget elementor-widget-mo-icon-box\" data-id=\"9cf84ea\" data-element_type=\"widget\" data-widget_type=\"mo-icon-box.default\">\n\t\t\t\t<div class=\"elementor-widget-container\">\n\t\t\t<div class=\"mo-element-mo-icon-box mo-element\"><div class=\"service iconbox icon-box-style9\">\n   <div class=\"content-inner\">\n      <div class=\"icon-wrap\"><svg xmlns=\"http:\/\/www.w3.org\/2000\/svg\" height=\"48\" width=\"48\" x=\"0px\" y=\"0px\" viewbox=\"0 0 60 60\" style=\"enable-background:new 0 0 60 60;\" xml:space=\"preserve\"><style type=\"text\/css\">\t.st0{fill:none;stroke:#494c63;stroke-width:2;stroke-linecap:square;stroke-miterlimit:10;}\t.st1{fill:none;stroke:#afb0b9;stroke-width:2;stroke-linecap:square;stroke-miterlimit:10;}\t.st2{fill:none;stroke:#494c63;stroke-width:2;stroke-miterlimit:10;}<\/style>  <g transform=\"translate(-1 -1)\">\t<path class=\"st0\" d=\"M26.5,53.4c0-1.4-0.6-2.7-1.7-3.5c-2.4-1.9-5.5-2.9-8.5-2.9c-3.1,0-6.1,1-8.5,2.9  C6.6,50.7,6,52,6,53.4V56h20.5V53.4z\"><\/path>    <path class=\"st0\" d=\"M56,53.4c0-1.4-0.6-2.7-1.7-3.5c-5-3.9-12.1-3.9-17.1,0c-1.1,0.9-1.7,2.2-1.7,3.5V56H56V53.4z  \"><\/path>    <rect x=\"21.9\" y=\"17.4\" class=\"st1\" width=\"18.2\" height=\"11.4\"><\/rect>    <path class=\"st1\" d=\"M26.5,17.4v-6.8C26.5,8,28.5,6,31,6l0,0c2.5,0,4.5,2,4.5,4.5v6.8\"><\/path>    <path class=\"st2\" d=\"M21.9,35.5c0,3.1-2.5,5.7-5.7,5.7s-5.7-2.5-5.7-5.7c0-3.1,2.5-5.7,5.7-5.7\"><\/path>    <path class=\"st2\" d=\"M45.8,29.9c3.1,0,5.7,2.5,5.7,5.7c0,3.1-2.5,5.7-5.7,5.7s-5.7-2.5-5.7-5.7\"><\/path><\/g><\/svg><\/div>\n      <div class=\"title-wrap\">\n         <h6  class=\"title\" data-title=\"Yat\u0131r\u0131m Dan\u0131\u015fmanl\u0131\u011f\u0131\"><span>Investitionsberatung<\/span><\/h6>\t\n                        <\/div>\n   <\/div>   \n<\/div><\/div>\t\t<\/div>\n\t\t\t\t<\/div>\n\t\t\t\t\t<\/div>\n\t\t<\/div>\n\t\t\t\t<div class=\"elementor-column elementor-col-50 elementor-top-column elementor-element elementor-element-28f9776\" data-id=\"28f9776\" data-element_type=\"column\">\n\t\t\t<div class=\"elementor-widget-wrap elementor-element-populated\">\n\t\t\t\t\t\t\t\t<div class=\"elementor-element elementor-element-1b11a55 elementor-widget elementor-widget-mo-icon-box\" data-id=\"1b11a55\" data-element_type=\"widget\" data-widget_type=\"mo-icon-box.default\">\n\t\t\t\t<div class=\"elementor-widget-container\">\n\t\t\t<div class=\"mo-element-mo-icon-box mo-element\"><div class=\"service iconbox icon-box-style9\">\n   <div class=\"content-inner\">\n      <div class=\"icon-wrap\"><i aria-hidden=\"true\" class=\"icon fi pe-7s-diamond\"><\/i><\/div>\n      <div class=\"title-wrap\">\n         <h6  class=\"title\" data-title=\"Finansman\u0131n Modellemesi\"><span>Modellierung von Finanzierungen<\/span><\/h6>\t\n                        <\/div>\n   <\/div>   \n<\/div><\/div>\t\t<\/div>\n\t\t\t\t<\/div>\n\t\t\t\t\t<\/div>\n\t\t<\/div>\n\t\t\t\t\t\t\t<\/div>\n\t\t<\/section>\n\t\t\t\t<section class=\"elementor-section elementor-top-section elementor-element elementor-element-921c3f0 elementor-section-boxed elementor-section-height-default elementor-section-height-default\" data-id=\"921c3f0\" data-element_type=\"section\">\n\t\t\t\t\t\t<div class=\"elementor-container elementor-column-gap-default\">\n\t\t\t\t\t<div class=\"elementor-column elementor-col-50 elementor-top-column elementor-element elementor-element-562dcfa\" data-id=\"562dcfa\" data-element_type=\"column\">\n\t\t\t<div class=\"elementor-widget-wrap elementor-element-populated\">\n\t\t\t\t\t\t\t\t<div class=\"elementor-element elementor-element-d742e02 elementor-widget elementor-widget-mo-icon-box\" data-id=\"d742e02\" data-element_type=\"widget\" data-widget_type=\"mo-icon-box.default\">\n\t\t\t\t<div class=\"elementor-widget-container\">\n\t\t\t<div class=\"mo-element-mo-icon-box mo-element\"><div class=\"service iconbox icon-box-style9\">\n   <div class=\"content-inner\">\n      <div class=\"icon-wrap\"><i aria-hidden=\"true\" class=\"icon fi pe-7s-refresh-2\"><\/i><\/div>\n      <div class=\"title-wrap\">\n         <h6  class=\"title\" data-title=\"Yeniden Yap\u0131lanma Dan\u0131\u015fmanl\u0131\u011f\u0131\"><span>Beratung bei Umstrukturierungen<\/span><\/h6>\t\n                        <\/div>\n   <\/div>   \n<\/div><\/div>\t\t<\/div>\n\t\t\t\t<\/div>\n\t\t\t\t\t<\/div>\n\t\t<\/div>\n\t\t\t\t<div class=\"elementor-column elementor-col-50 elementor-top-column elementor-element elementor-element-6b4da70\" data-id=\"6b4da70\" data-element_type=\"column\">\n\t\t\t<div class=\"elementor-widget-wrap elementor-element-populated\">\n\t\t\t\t\t\t\t\t<div class=\"elementor-element elementor-element-1980e0d elementor-widget elementor-widget-mo-icon-box\" data-id=\"1980e0d\" data-element_type=\"widget\" data-widget_type=\"mo-icon-box.default\">\n\t\t\t\t<div class=\"elementor-widget-container\">\n\t\t\t<div class=\"mo-element-mo-icon-box mo-element\"><div class=\"service iconbox icon-box-style9\">\n   <div class=\"content-inner\">\n      <div class=\"icon-wrap\"><svg xmlns=\"http:\/\/www.w3.org\/2000\/svg\" height=\"48\" width=\"48\" viewbox=\"0 0 67 71\"><defs><\/defs><g><g><path d=\"M59.90398,68.02142h-8.62771v-43.76019c0,-0.52147 0.42419,-0.94565 0.94566,-0.94565h6.73639c0.52148,0 0.94566,0.42418 0.94566,0.94565zM38.12708,68.02142h-8.6277v-23.93341c0,-0.52147 0.42418,-0.94565 0.94566,-0.94565h6.73639c0.52134,0 0.94566,0.42418 0.94566,0.94565zM7.72249,68.02142v-12.39496c0,-0.52147 0.42418,-0.94565 0.94566,-0.94565h6.73639c0.52147,0 0.94566,0.42418 0.94566,0.94565v12.39496zM62.65218,68.02142v-43.76019c0,-2.03682 -1.65717,-3.69385 -3.69386,-3.69385h-6.73639c-2.03683,0 -3.69386,1.65715 -3.69386,3.69385v43.76019h-7.65265v-23.93341c0,-2.03683 -1.65702,-3.69386 -3.69386,-3.69386h-6.7364c-2.03683,0 -3.69386,1.65717 -3.69386,3.69386v23.93341h-7.65265v-12.39496c0,-2.03682 -1.65717,-3.69385 -3.69386,-3.69385h-6.73653c-2.03683,0 -3.69386,1.65715 -3.69386,3.69385v12.39496h-3.17637c-0.75892,0 -1.3741,0.61517 -1.3741,1.37408c0,0.75893 0.61519,1.37411 1.3741,1.37411h63.86795c0.75892,0 1.3741,-0.61519 1.3741,-1.37411c0,-0.75891 -0.61519,-1.37408 -1.37411,-1.37408z\" fill=\"#494c63\" fill-opacity=\"1\"><\/path><\/g><g><path d=\"M62.64896,1.86102c0.01924,-0.37499 -0.11266,-0.75631 -0.39903,-1.04267c-0.28636,-0.28636 -0.66766,-0.41841 -1.04266,-0.39904c-0.02213,-0.00096 -0.04398,-0.0033 -0.06651,-0.0033h-8.31331c-0.75893,0 -1.3741,0.61519 -1.3741,1.3741c0,0.75892 0.61517,1.3741 1.3741,1.3741h5.13322v0l-13.58394,13.58409v0l-5.12265,-5.12265c-0.25766,-0.25764 -0.60722,-0.40247 -0.97163,-0.40247c-0.36441,0 -0.71398,0.14483 -0.97163,0.40247l-24.70208,24.70222c-0.53659,0.53659 -0.53659,1.40667 0,1.94339c0.26836,0.26809 0.62,0.4022 0.97163,0.4022c0.35163,0 0.70341,-0.13411 0.97163,-0.40247l23.73045,-23.7306v0l5.12265,5.12265c0.53659,0.53659 1.40668,0.53659 1.94341,0l14.55556,-14.55544v0v4.64584c0,0.75892 0.61519,1.3741 1.37411,1.3741c0.75891,0 1.37408,-0.61518 1.37408,-1.3741v-7.82592c0,-0.0224 -0.00233,-0.04425 -0.0033,-0.06651z\" fill=\"#e60000\" fill-opacity=\"1\"><\/path><\/g><\/g><\/svg><\/div>\n      <div class=\"title-wrap\">\n         <h6  class=\"title\" data-title=\"\u015eirket Planlamas\u0131\"><span>Planung des Unternehmens<\/span><\/h6>\t\n                        <\/div>\n   <\/div>   \n<\/div><\/div>\t\t<\/div>\n\t\t\t\t<\/div>\n\t\t\t\t\t<\/div>\n\t\t<\/div>\n\t\t\t\t\t\t\t<\/div>\n\t\t<\/section>\n\t\t\t\t<section class=\"elementor-section elementor-top-section elementor-element elementor-element-51d560e elementor-section-boxed elementor-section-height-default elementor-section-height-default\" data-id=\"51d560e\" data-element_type=\"section\">\n\t\t\t\t\t\t<div class=\"elementor-container elementor-column-gap-default\">\n\t\t\t\t\t<div class=\"elementor-column elementor-col-50 elementor-top-column elementor-element elementor-element-4f940b0\" data-id=\"4f940b0\" data-element_type=\"column\">\n\t\t\t<div class=\"elementor-widget-wrap elementor-element-populated\">\n\t\t\t\t\t\t\t\t<div class=\"elementor-element elementor-element-9b276ae elementor-widget elementor-widget-mo-icon-box\" data-id=\"9b276ae\" data-element_type=\"widget\" data-widget_type=\"mo-icon-box.default\">\n\t\t\t\t<div class=\"elementor-widget-container\">\n\t\t\t<div class=\"mo-element-mo-icon-box mo-element\"><div class=\"service iconbox icon-box-style9\">\n   <div class=\"content-inner\">\n      <div class=\"icon-wrap\"><i aria-hidden=\"true\" class=\"icon fi pe-7s-magic-wand\"><\/i><\/div>\n      <div class=\"title-wrap\">\n         <h6  class=\"title\" data-title=\"Nitelikle \u015eirket Halefiyet Dan\u0131\u015fmanl\u0131\u011f\u0131\"><span>Unternehmensnachfolgeberatung nach Art<\/span><\/h6>\t\n                        <\/div>\n   <\/div>   \n<\/div><\/div>\t\t<\/div>\n\t\t\t\t<\/div>\n\t\t\t\t\t<\/div>\n\t\t<\/div>\n\t\t\t\t<div class=\"elementor-column elementor-col-50 elementor-top-column elementor-element elementor-element-5de8e11\" data-id=\"5de8e11\" data-element_type=\"column\">\n\t\t\t<div class=\"elementor-widget-wrap elementor-element-populated\">\n\t\t\t\t\t\t\t\t<div class=\"elementor-element elementor-element-06ce0f8 elementor-widget elementor-widget-mo-icon-box\" data-id=\"06ce0f8\" data-element_type=\"widget\" data-widget_type=\"mo-icon-box.default\">\n\t\t\t\t<div class=\"elementor-widget-container\">\n\t\t\t<div class=\"mo-element-mo-icon-box mo-element\"><div class=\"service iconbox icon-box-style9\">\n   <div class=\"content-inner\">\n      <div class=\"icon-wrap\"><svg xmlns=\"http:\/\/www.w3.org\/2000\/svg\" height=\"48\" width=\"48\" x=\"0px\" y=\"0px\" viewbox=\"0 0 60 60\" xml:space=\"preserve\">  <g transform=\"translate(1 1)\">\t  <path fill=\"none\" stroke=\"#494c63\" stroke-width=\"2\" stroke-miterlimit=\"10\" d=\"M11.6,58v-3.9L1.4,42.2C0.5,41.2,0,39.8,0,38.5V20.8c0-1.9,1.5-3.4,3.4-3.4l0,0l0,0c1.9,0,3.4,1.5,3.4,3.4l0,0V32\"><\/path>    <path fill=\"none\" stroke=\"#494c63\" stroke-width=\"2\" stroke-miterlimit=\"10\" d=\"M23.2,58V44.9c0-1.5-0.6-3-1.7-4.1l-9.4-9.4c-1.3-1.3-3.5-1.3-4.8,0c0,0,0,0,0,0l0,0c-1.3,1.3-1.3,3.5,0,4.8c0,0,0,0,0,0l7.2,7.2\"><\/path>    <path fill=\"none\" stroke=\"#494c63\" stroke-width=\"2\" stroke-miterlimit=\"10\" d=\"M46.4,58v-3.9l10.2-11.9c0.9-1.1,1.4-2.4,1.4-3.8V20.8c0-1.9-1.5-3.4-3.4-3.4l0,0l0,0c-1.9,0-3.4,1.5-3.4,3.4l0,0V32\"><\/path>    <path fill=\"none\" stroke=\"#494c63\" stroke-width=\"2\" stroke-miterlimit=\"10\" d=\"M34.8,58V44.9c0-1.5,0.6-3,1.7-4.1l9.4-9.4c1.3-1.3,3.5-1.3,4.8,0c0,0,0,0,0,0l0,0c1.3,1.3,1.3,3.5,0,4.8c0,0,0,0,0,0l-7.2,7.2\"><\/path>    <line fill=\"none\" stroke=\"#afb0b9\" stroke-width=\"2\" stroke-miterlimit=\"10\" x1=\"14.5\" y1=\"14.5\" x2=\"43.5\" y2=\"14.5\"><\/line>    <circle fill=\"none\" stroke=\"#afb0b9\" stroke-width=\"2\" stroke-linecap=\"square\" stroke-miterlimit=\"10\" cx=\"29\" cy=\"14.5\" r=\"14.5\"><\/circle>    <ellipse fill=\"none\" stroke=\"#afb0b9\" stroke-width=\"2\" stroke-linecap=\"square\" stroke-miterlimit=\"10\" cx=\"29\" cy=\"14.5\" rx=\"6.2\" ry=\"14.5\"><\/ellipse>  <\/g><\/svg><\/div>\n      <div class=\"title-wrap\">\n         <h6  class=\"title\" data-title=\"\u015eirket Organizasyonu ve Envanter Y\u00f6netimi\"><span>Unternehmensorganisation und Bestandsverwaltung<\/span><\/h6>\t\n                        <\/div>\n   <\/div>   \n<\/div><\/div>\t\t<\/div>\n\t\t\t\t<\/div>\n\t\t\t\t\t<\/div>\n\t\t<\/div>\n\t\t\t\t\t\t\t<\/div>\n\t\t<\/section>\n\t\t\t\t\t\t\t<\/div>","protected":false},"excerpt":{"rendered":"<p>Unsere Leistungen Unternehmensberatung Wir beraten Unternehmen funktional in den Bereichen Gr\u00fcndung, Finanzierungsmodellierung und Wahl der steueroptimalen Rechtsform sowie bei der Umstrukturierungsplanung. Durch eine fundierte und umfassende Analyse der finanziellen Situation Ihres Unternehmens k\u00f6nnen wir Sie auch in den Bereichen der Unternehmensplanung und -entwicklung (z.B. Erwerb oder Ver\u00e4u\u00dferung verschiedener Gesch\u00e4ftsaktivit\u00e4ten [...]) beraten.<\/p>","protected":false},"author":1,"featured_media":0,"parent":0,"menu_order":0,"comment_status":"closed","ping_status":"closed","template":"","meta":{"footnotes":""},"_links":{"self":[{"href":"https:\/\/almanyada-sirket-kurmak.com\/de\/wp-json\/wp\/v2\/pages\/369"}],"collection":[{"href":"https:\/\/almanyada-sirket-kurmak.com\/de\/wp-json\/wp\/v2\/pages"}],"about":[{"href":"https:\/\/almanyada-sirket-kurmak.com\/de\/wp-json\/wp\/v2\/types\/page"}],"author":[{"embeddable":true,"href":"https:\/\/almanyada-sirket-kurmak.com\/de\/wp-json\/wp\/v2\/users\/1"}],"replies":[{"embeddable":true,"href":"https:\/\/almanyada-sirket-kurmak.com\/de\/wp-json\/wp\/v2\/comments?post=369"}],"version-history":[{"count":16,"href":"https:\/\/almanyada-sirket-kurmak.com\/de\/wp-json\/wp\/v2\/pages\/369\/revisions"}],"predecessor-version":[{"id":9091,"href":"https:\/\/almanyada-sirket-kurmak.com\/de\/wp-json\/wp\/v2\/pages\/369\/revisions\/9091"}],"wp:attachment":[{"href":"https:\/\/almanyada-sirket-kurmak.com\/de\/wp-json\/wp\/v2\/media?parent=369"}],"curies":[{"name":"wp","href":"https:\/\/api.w.org\/{rel}","templated":true}]}}