{"id":2,"date":"2023-12-15T11:52:39","date_gmt":"2023-12-15T11:52:39","guid":{"rendered":"https:\/\/almanyada-sirket-kurmak.com\/?page_id=2"},"modified":"2024-02-29T11:55:43","modified_gmt":"2024-02-29T11:55:43","slug":"menfaatlerin-temsil-edilmesi","status":"publish","type":"page","link":"https:\/\/almanyada-sirket-kurmak.com\/de\/interessenvertretung\/","title":{"rendered":"Vertretung von Interessen"},"content":{"rendered":"<div data-elementor-type=\"wp-page\" data-elementor-id=\"2\" class=\"elementor elementor-2\" data-elementor-post-type=\"page\">\n\t\t\t\t\t\t\t\t\t<section class=\"elementor-section elementor-top-section elementor-element elementor-element-7ac5fcc6 elementor-section-stretched elementor-section-full_width elementor-section-height-default elementor-section-height-default\" data-id=\"7ac5fcc6\" data-element_type=\"section\" data-settings=\"{&quot;stretch_section&quot;:&quot;section-stretched&quot;}\">\n\t\t\t\t\t\t<div class=\"elementor-container elementor-column-gap-default\">\n\t\t\t\t\t<div class=\"elementor-column elementor-col-100 elementor-top-column elementor-element elementor-element-3adc1808\" data-id=\"3adc1808\" data-element_type=\"column\">\n\t\t\t<div class=\"elementor-widget-wrap elementor-element-populated\">\n\t\t\t\t\t\t\t\t<div class=\"elementor-element elementor-element-780527e elementor-widget elementor-widget-spacer\" data-id=\"780527e\" data-element_type=\"widget\" data-widget_type=\"spacer.default\">\n\t\t\t\t<div class=\"elementor-widget-container\">\n\t\t\t<style>\/*! elementor - v3.18.0 - 08-12-2023 *\/\n.elementor-column .elementor-spacer-inner{height:var(--spacer-size)}.e-con{--container-widget-width:100%}.e-con-inner>.elementor-widget-spacer,.e-con>.elementor-widget-spacer{width:var(--container-widget-width,var(--spacer-size));--align-self:var(--container-widget-align-self,initial);--flex-shrink:0}.e-con-inner>.elementor-widget-spacer>.elementor-widget-container,.e-con>.elementor-widget-spacer>.elementor-widget-container{height:100%;width:100%}.e-con-inner>.elementor-widget-spacer>.elementor-widget-container>.elementor-spacer,.e-con>.elementor-widget-spacer>.elementor-widget-container>.elementor-spacer{height:100%}.e-con-inner>.elementor-widget-spacer>.elementor-widget-container>.elementor-spacer>.elementor-spacer-inner,.e-con>.elementor-widget-spacer>.elementor-widget-container>.elementor-spacer>.elementor-spacer-inner{height:var(--container-widget-height,var(--spacer-size))}.e-con-inner>.elementor-widget-spacer.elementor-widget-empty,.e-con>.elementor-widget-spacer.elementor-widget-empty{position:relative;min-height:22px;min-width:22px}.e-con-inner>.elementor-widget-spacer.elementor-widget-empty .elementor-widget-empty-icon,.e-con>.elementor-widget-spacer.elementor-widget-empty .elementor-widget-empty-icon{position:absolute;top:0;bottom:0;left:0;right:0;margin:auto;padding:0;width:22px;height:22px}<\/style>\t\t<div class=\"elementor-spacer\">\n\t\t\t<div class=\"elementor-spacer-inner\"><\/div>\n\t\t<\/div>\n\t\t\t\t<\/div>\n\t\t\t\t<\/div>\n\t\t\t\t<section class=\"elementor-section elementor-inner-section elementor-element elementor-element-7236737a elementor-section-boxed elementor-section-height-default elementor-section-height-default\" data-id=\"7236737a\" data-element_type=\"section\">\n\t\t\t\t\t\t<div class=\"elementor-container elementor-column-gap-default\">\n\t\t\t\t\t<div class=\"elementor-column elementor-col-50 elementor-inner-column elementor-element elementor-element-a51c45b\" data-id=\"a51c45b\" data-element_type=\"column\">\n\t\t\t<div class=\"elementor-widget-wrap elementor-element-populated\">\n\t\t\t\t\t\t\t\t<div class=\"elementor-element elementor-element-5d78eb3a elementor-widget elementor-widget-image\" data-id=\"5d78eb3a\" data-element_type=\"widget\" data-widget_type=\"image.default\">\n\t\t\t\t<div class=\"elementor-widget-container\">\n\t\t\t<style>\/*! elementor - v3.18.0 - 08-12-2023 *\/\n.elementor-widget-image{text-align:center}.elementor-widget-image a{display:inline-block}.elementor-widget-image a img[src$=\".svg\"]{width:48px}.elementor-widget-image img{vertical-align:middle;display:inline-block}<\/style>\t\t\t\t\t\t\t\t\t\t\t\t<img fetchpriority=\"high\" decoding=\"async\" width=\"900\" height=\"600\" src=\"https:\/\/almanyada-sirket-kurmak.com\/wp-content\/uploads\/2024\/01\/closeup-shot-person-writing-book-with-gavel-table-1024x683.jpg\" class=\"attachment-large size-large wp-image-9026\" alt=\"\" srcset=\"https:\/\/almanyada-sirket-kurmak.com\/wp-content\/uploads\/2024\/01\/closeup-shot-person-writing-book-with-gavel-table-1024x683.jpg 1024w, https:\/\/almanyada-sirket-kurmak.com\/wp-content\/uploads\/2024\/01\/closeup-shot-person-writing-book-with-gavel-table-300x200.jpg 300w, https:\/\/almanyada-sirket-kurmak.com\/wp-content\/uploads\/2024\/01\/closeup-shot-person-writing-book-with-gavel-table-768x512.jpg 768w, https:\/\/almanyada-sirket-kurmak.com\/wp-content\/uploads\/2024\/01\/closeup-shot-person-writing-book-with-gavel-table-720x480.jpg 720w, https:\/\/almanyada-sirket-kurmak.com\/wp-content\/uploads\/2024\/01\/closeup-shot-person-writing-book-with-gavel-table-600x400.jpg 600w, https:\/\/almanyada-sirket-kurmak.com\/wp-content\/uploads\/2024\/01\/closeup-shot-person-writing-book-with-gavel-table.jpg 1500w\" sizes=\"(max-width: 900px) 100vw, 900px\" \/>\t\t\t\t\t\t\t\t\t\t\t\t\t\t\t<\/div>\n\t\t\t\t<\/div>\n\t\t\t\t\t<\/div>\n\t\t<\/div>\n\t\t\t\t<div class=\"elementor-column elementor-col-50 elementor-inner-column elementor-element elementor-element-7b4b87b1\" data-id=\"7b4b87b1\" data-element_type=\"column\">\n\t\t\t<div class=\"elementor-widget-wrap elementor-element-populated\">\n\t\t\t\t\t\t\t\t<div class=\"elementor-element elementor-element-6915ee64 elementor-widget elementor-widget-mo-heading-block\" data-id=\"6915ee64\" data-element_type=\"widget\" data-widget_type=\"mo-heading-block.default\">\n\t\t\t\t<div class=\"elementor-widget-container\">\n\t\t\t<div class=\"mo-element-mo-heading-block mo-element\">   <div class=\"mo-title-box title-box-style-1 text-left\">\n      <div class=\"content-inner\">\n                     <h5 class=\"sub-title\" data-title=\"Hizmetlerimiz\"><span>Unsere Dienstleistungen<\/span><\/h5>\n           \n                     <h3 class=\"title\">Vertretung von Interessen<\/h3>\n                        <\/div>\n   <\/div>\n   <div class=\"clearfix\"><\/div><\/div>\t\t<\/div>\n\t\t\t\t<\/div>\n\t\t\t\t<div class=\"elementor-element elementor-element-61295d24 elementor-widget elementor-widget-spacer\" data-id=\"61295d24\" data-element_type=\"widget\" data-widget_type=\"spacer.default\">\n\t\t\t\t<div class=\"elementor-widget-container\">\n\t\t\t\t\t<div class=\"elementor-spacer\">\n\t\t\t<div class=\"elementor-spacer-inner\"><\/div>\n\t\t<\/div>\n\t\t\t\t<\/div>\n\t\t\t\t<\/div>\n\t\t\t\t<div class=\"elementor-element elementor-element-4ae9512f elementor-widget elementor-widget-text-editor\" data-id=\"4ae9512f\" data-element_type=\"widget\" data-widget_type=\"text-editor.default\">\n\t\t\t\t<div class=\"elementor-widget-container\">\n\t\t\t<style>\/*! elementor - v3.18.0 - 08-12-2023 *\/\n.elementor-widget-text-editor.elementor-drop-cap-view-stacked .elementor-drop-cap{background-color:#69727d;color:#fff}.elementor-widget-text-editor.elementor-drop-cap-view-framed .elementor-drop-cap{color:#69727d;border:3px solid;background-color:transparent}.elementor-widget-text-editor:not(.elementor-drop-cap-view-default) .elementor-drop-cap{margin-top:8px}.elementor-widget-text-editor:not(.elementor-drop-cap-view-default) .elementor-drop-cap-letter{width:1em;height:1em}.elementor-widget-text-editor .elementor-drop-cap{float:left;text-align:center;line-height:1;font-size:50px}.elementor-widget-text-editor .elementor-drop-cap-letter{display:inline-block}<\/style>\t\t\t\t<p>Stehen Sie vor einer Steuerpr\u00fcfung oder einem Finanzgerichtsverfahren? In solchen F\u00e4llen ist eine professionelle, schnelle und zuverl\u00e4ssige Vertretung Ihrer Rechte und unternehmerischen Interessen entscheidend f\u00fcr die Zukunft Ihres Unternehmens. Zu diesem Zweck ermitteln wir gemeinsam mit Ihnen die bestm\u00f6glichen Optionen und die beste Vorgehensweise unter Ber\u00fccksichtigung Ihrer individuellen Situation.<\/p>\n<h6>Haben Sie noch Fragen? <strong class=\"color-main\"> +49 176 24859888 <\/strong><\/h6>\t\t\t\t\t\t<\/div>\n\t\t\t\t<\/div>\n\t\t\t\t<div class=\"elementor-element elementor-element-368158a elementor-widget elementor-widget-mo-list-number\" data-id=\"368158a\" data-element_type=\"widget\" data-widget_type=\"mo-list-number.default\">\n\t\t\t\t<div class=\"elementor-widget-container\">\n\t\t\t<div class=\"mo-element-mo-list-number mo-element\">\n   <div class=\"list-style list-style3\">\n      <ul class=\"list-style\">\n                     <li>\n               <h4 class=\"title\">Steuerstrafrecht<\/h4>\n\t\t\t\t\t\t\n            <\/li>\n                     <li>\n               <h4 class=\"title\">Beratung bei der Steuerpr\u00fcfung<\/h4>\n\t\t\t\t\t\t\n            <\/li>\n                     <li>\n               <h4 class=\"title\">Vertretung vor Finanz\u00e4mtern und Finanzgerichten<\/h4>\n\t\t\t\t\t\t\n            <\/li>\n               <\/ul>  \n   <\/div>\n     \n\n     \n<\/div>\t\t<\/div>\n\t\t\t\t<\/div>\n\t\t\t\t\t<\/div>\n\t\t<\/div>\n\t\t\t\t\t\t\t<\/div>\n\t\t<\/section>\n\t\t\t\t\t<\/div>\n\t\t<\/div>\n\t\t\t\t\t\t\t<\/div>\n\t\t<\/section>\n\t\t\t\t\t\t\t<\/div>","protected":false},"excerpt":{"rendered":"<p>Unsere Leistungen Interessenvertretung Sie haben eine Betriebspr\u00fcfung oder ein Steuerverfahren vor dem Finanzgericht? In solchen F\u00e4llen ist die professionelle, schnelle und zuverl\u00e4ssige Vertretung Ihrer Rechte und wirtschaftlichen Interessen entscheidend f\u00fcr die Zukunft Ihres Unternehmens. Dazu erarbeiten wir gemeinsam mit Ihnen unter Ber\u00fccksichtigung Ihrer individuellen Situation die bestm\u00f6glichen Optionen und den weiteren Weg. Haben Sie noch Fragen? [...]<\/p>","protected":false},"author":1,"featured_media":0,"parent":0,"menu_order":0,"comment_status":"closed","ping_status":"open","template":"","meta":{"footnotes":""},"_links":{"self":[{"href":"https:\/\/almanyada-sirket-kurmak.com\/de\/wp-json\/wp\/v2\/pages\/2"}],"collection":[{"href":"https:\/\/almanyada-sirket-kurmak.com\/de\/wp-json\/wp\/v2\/pages"}],"about":[{"href":"https:\/\/almanyada-sirket-kurmak.com\/de\/wp-json\/wp\/v2\/types\/page"}],"author":[{"embeddable":true,"href":"https:\/\/almanyada-sirket-kurmak.com\/de\/wp-json\/wp\/v2\/users\/1"}],"replies":[{"embeddable":true,"href":"https:\/\/almanyada-sirket-kurmak.com\/de\/wp-json\/wp\/v2\/comments?post=2"}],"version-history":[{"count":7,"href":"https:\/\/almanyada-sirket-kurmak.com\/de\/wp-json\/wp\/v2\/pages\/2\/revisions"}],"predecessor-version":[{"id":9094,"href":"https:\/\/almanyada-sirket-kurmak.com\/de\/wp-json\/wp\/v2\/pages\/2\/revisions\/9094"}],"wp:attachment":[{"href":"https:\/\/almanyada-sirket-kurmak.com\/de\/wp-json\/wp\/v2\/media?parent=2"}],"curies":[{"name":"wp","href":"https:\/\/api.w.org\/{rel}","templated":true}]}}